{"id":855,"date":"2019-08-01T11:54:01","date_gmt":"2019-08-01T09:54:01","guid":{"rendered":"https:\/\/www.tmfcyclingpad.com\/?page_id=855"},"modified":"2025-02-07T09:22:02","modified_gmt":"2025-02-07T08:22:02","slug":"tnovib","status":"publish","type":"page","link":"https:\/\/www.tmfcyclingpad.com\/de\/tnovib\/","title":{"rendered":"T-NOVIB"},"content":{"rendered":"\t<div id=\"gap-1647894817\" class=\"gap-element clearfix\" style=\"display:block; height:auto;\">\n\t\t\n<style>\n#gap-1647894817 {\n  padding-top: 30px;\n}\n<\/style>\n\t<\/div>\n\t\n\t<div class=\"img has-hover x md-x lg-x y md-y lg-y\" id=\"image_1783190522\">\n\t\t\t\t\t\t\t\t<div class=\"img-inner dark\" >\n\t\t\t<img loading=\"lazy\" decoding=\"async\" width=\"1000\" height=\"231\" src=\"https:\/\/www.tmfcyclingpad.com\/wp-content\/uploads\/2022\/06\/T-Novib-foto-1-blu.jpg\" class=\"attachment-large size-large\" alt=\"\" srcset=\"https:\/\/www.tmfcyclingpad.com\/wp-content\/uploads\/2022\/06\/T-Novib-foto-1-blu.jpg 1000w, https:\/\/www.tmfcyclingpad.com\/wp-content\/uploads\/2022\/06\/T-Novib-foto-1-blu-300x69.jpg 300w, https:\/\/www.tmfcyclingpad.com\/wp-content\/uploads\/2022\/06\/T-Novib-foto-1-blu-768x177.jpg 768w\" sizes=\"auto, (max-width: 1000px) 100vw, 1000px\" \/>\t\t\t\t\t\t\n\t\t\t\t\t<\/div>\n\t\t\t\t\t\t\t\t\n<style>\n#image_1783190522 {\n  width: 100%;\n}\n<\/style>\n\t<\/div>\n\t\n<div class=\"row\"  id=\"row-961135116\">\n\n\t<div id=\"col-793066139\" class=\"col small-12 large-12\"  >\n\t\t\t\t<div class=\"col-inner text-center\"  >\n\t\t\t\n\t\t\t\n\t<div class=\"img has-hover x md-x lg-x y md-y lg-y\" id=\"image_2035601155\">\n\t\t\t\t\t\t\t\t<div class=\"img-inner dark\" >\n\t\t\t<img loading=\"lazy\" decoding=\"async\" width=\"500\" height=\"169\" src=\"https:\/\/www.tmfcyclingpad.com\/wp-content\/uploads\/2019\/08\/T-Novib-titoletto.png\" class=\"attachment-large size-large\" alt=\"\" srcset=\"https:\/\/www.tmfcyclingpad.com\/wp-content\/uploads\/2019\/08\/T-Novib-titoletto.png 500w, https:\/\/www.tmfcyclingpad.com\/wp-content\/uploads\/2019\/08\/T-Novib-titoletto-300x101.png 300w\" sizes=\"auto, (max-width: 500px) 100vw, 500px\" \/>\t\t\t\t\t\t\n\t\t\t\t\t<\/div>\n\t\t\t\t\t\t\t\t\n<style>\n#image_2035601155 {\n  width: 70%;\n}\n@media (min-width:550px) {\n  #image_2035601155 {\n    width: 50%;\n  }\n}\n<\/style>\n\t<\/div>\n\t\n<div class=\"message-box relative dark\" ><div class=\"message-box-bg-image bg-fill fill\" ><\/div><div class=\"message-box-bg-overlay bg-fill fill\" style=\"background-color:rgb(217, 56, 50);\"><\/div><div class=\"container relative\"><div class=\"inner last-reset\">\n<div class=\"row align-middle align-center\"  id=\"row-1819374530\">\n\n\t<div id=\"col-1961820163\" class=\"col medium-9 small-12 large-9\"  >\n\t\t\t\t<div class=\"col-inner\"  >\n\t\t\t\n\t\t\t\n<p><span style=\"color: #d93832;\">.<\/span><\/p>\n\t\t<\/div>\n\t\t\t\t\t<\/div>\n\n\t\n<\/div>\n<\/div><\/div><\/div>\n\t<div id=\"gap-1685121849\" class=\"gap-element clearfix\" style=\"display:block; height:auto;\">\n\t\t\n<style>\n#gap-1685121849 {\n  padding-top: 30px;\n}\n<\/style>\n\t<\/div>\n\t\n<p style=\"text-align: center;\"><span style=\"font-size: 100%;\">T-Novib ist ein Schaum der neuen Generation, der von der T.M.F. Research Center, basierend auf Indoor- und Outdoor-Tests, die von unserem Radteam durchgef\u00fchrt wurden. <\/span><\/p>\n<p style=\"text-align: center;\"><span style=\"font-size: 100%;\">Dies ist ein hochleistungsf\u00e4higer Antivibrationsschaum, der d\u00fcnn und atmungsaktiv ist und eine optimale Sto\u00dfd\u00e4mpfung auf allen Arten von Stra\u00dfenbel\u00e4gen garantiert, um maximalen Schutz zu bieten. <\/span><\/p>\n<p style=\"text-align: center;\"><span style=\"font-size: 100%;\">Es wurde entwickelt, um Vibrationen zu blockieren und zu zerstreuen, ohne dass sie auf den K\u00f6rper des Radfahrers \u00fcbertragen werden. <\/span><\/p>\n<p style=\"text-align: center;\"><strong><span style=\"font-size: 100%;\">Das Hauptmaterial f\u00fcr die Entwicklung seiner Funktion ist ein nat\u00fcrlicher Bestandteil, der den Schaum umweltfreundlich macht. Er wird mit einem speziellen Schaum kombiniert, der aus einer Mischung aus Latex und Gummi besteht.<\/span><\/strong><\/p>\n\t<div id=\"gap-230432394\" class=\"gap-element clearfix\" style=\"display:block; height:auto;\">\n\t\t\n<style>\n#gap-230432394 {\n  padding-top: 30px;\n}\n<\/style>\n\t<\/div>\n\t\n<div class=\"row show-for-small\"  id=\"row-1575249774\">\n\n\t<div id=\"col-47980441\" class=\"col medium-6 small-6 large-6\"  >\n\t\t\t\t<div class=\"col-inner\"  >\n\t\t\t\n\t\t\t\n<h2 style=\"text-align: center;\"><span style=\"color: #e52325;\">Andere Standard Artikel<br \/>\n<\/span><\/h2>\n\t<div class=\"img has-hover x md-x lg-x y md-y lg-y\" id=\"image_2065711133\">\n\t\t\t\t\t\t\t\t<div class=\"img-inner dark\" >\n\t\t\t<img loading=\"lazy\" decoding=\"async\" width=\"165\" height=\"139\" src=\"https:\/\/www.tmfcyclingpad.com\/wp-content\/uploads\/2019\/08\/T-Novib-comparazione-DX.png\" class=\"attachment-large size-large\" alt=\"\" \/>\t\t\t\t\t\t\n\t\t\t\t\t<\/div>\n\t\t\t\t\t\t\t\t\n<style>\n#image_2065711133 {\n  width: 100%;\n}\n<\/style>\n\t<\/div>\n\t\n\t\t<\/div>\n\t\t\t\t\t<\/div>\n\n\t\n\n\t<div id=\"col-774564583\" class=\"col medium-6 small-6 large-6\"  >\n\t\t\t\t<div class=\"col-inner\"  >\n\t\t\t\n\t\t\t\n<h2 style=\"text-align: center;\"><span style=\"color: #e52325;\">TMF Artikel mit T-Novib<\/span><\/h2>\n\t<div class=\"img has-hover x md-x lg-x y md-y lg-y\" id=\"image_2048704013\">\n\t\t\t\t\t\t\t\t<div class=\"img-inner dark\" >\n\t\t\t<img loading=\"lazy\" decoding=\"async\" width=\"165\" height=\"139\" src=\"https:\/\/www.tmfcyclingpad.com\/wp-content\/uploads\/2022\/06\/T-Novib-comparazione-SX.png\" class=\"attachment-large size-large\" alt=\"\" \/>\t\t\t\t\t\t\n\t\t\t\t\t<\/div>\n\t\t\t\t\t\t\t\t\n<style>\n#image_2048704013 {\n  width: 100%;\n}\n<\/style>\n\t<\/div>\n\t\n\t\t<\/div>\n\t\t\t\t\t<\/div>\n\n\t\n<\/div>\n<div class=\"row row-small row-dashed hide-for-medium\"  id=\"row-1284485136\">\n\n\t<div id=\"col-281824490\" class=\"col medium-6 small-6 large-6\"  >\n\t\t\t\t<div class=\"col-inner text-center\"  >\n\t\t\t\n\t\t\t\n<h2 style=\"text-align: center;\"><span style=\"color: #e52325;\">Andere Standard Artikel<br \/>\n<\/span><\/h2>\n\t<div class=\"img has-hover x md-x lg-x y md-y lg-y\" id=\"image_780017464\">\n\t\t\t\t\t\t\t\t<div class=\"img-inner dark\" >\n\t\t\t<img loading=\"lazy\" decoding=\"async\" width=\"165\" height=\"139\" src=\"https:\/\/www.tmfcyclingpad.com\/wp-content\/uploads\/2019\/08\/T-Novib-comparazione-DX.png\" class=\"attachment-large size-large\" alt=\"\" \/>\t\t\t\t\t\t\n\t\t\t\t\t<\/div>\n\t\t\t\t\t\t\t\t\n<style>\n#image_780017464 {\n  width: 45%;\n}\n<\/style>\n\t<\/div>\n\t\n\t\t<\/div>\n\t\t\t\t\t<\/div>\n\n\t\n\n\t<div id=\"col-804661403\" class=\"col medium-6 small-6 large-6\"  >\n\t\t\t\t<div class=\"col-inner text-center\"  >\n\t\t\t\n\t\t\t\n<h2 style=\"text-align: center;\"><span style=\"color: #e52325;\">TMF Artikel mit T-Novib<\/span><\/h2>\n\t<div class=\"img has-hover x md-x lg-x y md-y lg-y\" id=\"image_238158613\">\n\t\t\t\t\t\t\t\t<div class=\"img-inner dark\" >\n\t\t\t<img loading=\"lazy\" decoding=\"async\" width=\"165\" height=\"139\" src=\"https:\/\/www.tmfcyclingpad.com\/wp-content\/uploads\/2019\/08\/T-Novib-comparazione-SX.png\" class=\"attachment-large size-large\" alt=\"\" \/>\t\t\t\t\t\t\n\t\t\t\t\t<\/div>\n\t\t\t\t\t\t\t\t\n<style>\n#image_238158613 {\n  width: 45%;\n}\n<\/style>\n\t<\/div>\n\t\n\t\t<\/div>\n\t\t\t\t\t<\/div>\n\n\t\n<\/div>\n\t\t<\/div>\n\t\t\t\t\t<\/div>\n\n\t\n<\/div>\n","protected":false},"excerpt":{"rendered":"","protected":false},"author":3,"featured_media":0,"parent":0,"menu_order":0,"comment_status":"closed","ping_status":"closed","template":"","meta":{"footnotes":""},"class_list":["post-855","page","type-page","status-publish","hentry"],"yoast_head":"<!-- This site is optimized with the Yoast SEO plugin v27.1.1 - https:\/\/yoast.com\/product\/yoast-seo-wordpress\/ -->\n<title>T-NOVIB - TMF<\/title>\n<meta name=\"robots\" content=\"index, follow, max-snippet:-1, max-image-preview:large, max-video-preview:-1\" \/>\n<link rel=\"canonical\" href=\"https:\/\/www.tmfcyclingpad.com\/de\/tnovib\/\" \/>\n<meta property=\"og:locale\" content=\"de_DE\" \/>\n<meta property=\"og:type\" content=\"article\" \/>\n<meta property=\"og:title\" content=\"T-NOVIB - TMF\" \/>\n<meta property=\"og:url\" content=\"https:\/\/www.tmfcyclingpad.com\/de\/tnovib\/\" \/>\n<meta property=\"og:site_name\" content=\"TMF\" \/>\n<meta property=\"article:modified_time\" content=\"2025-02-07T08:22:02+00:00\" \/>\n<meta name=\"twitter:card\" content=\"summary_large_image\" \/>\n<meta name=\"twitter:label1\" content=\"Gesch\u00e4tzte Lesezeit\" \/>\n\t<meta name=\"twitter:data1\" content=\"1\u00a0Minute\" \/>\n<script type=\"application\/ld+json\" class=\"yoast-schema-graph\">{\"@context\":\"https:\/\/schema.org\",\"@graph\":[{\"@type\":\"WebPage\",\"@id\":\"https:\/\/www.tmfcyclingpad.com\/de\/tnovib\/\",\"url\":\"https:\/\/www.tmfcyclingpad.com\/de\/tnovib\/\",\"name\":\"T-NOVIB - TMF\",\"isPartOf\":{\"@id\":\"https:\/\/www.tmfcyclingpad.com\/#website\"},\"datePublished\":\"2019-08-01T09:54:01+00:00\",\"dateModified\":\"2025-02-07T08:22:02+00:00\",\"breadcrumb\":{\"@id\":\"https:\/\/www.tmfcyclingpad.com\/de\/tnovib\/#breadcrumb\"},\"inLanguage\":\"de\",\"potentialAction\":[{\"@type\":\"ReadAction\",\"target\":[\"https:\/\/www.tmfcyclingpad.com\/de\/tnovib\/\"]}]},{\"@type\":\"BreadcrumbList\",\"@id\":\"https:\/\/www.tmfcyclingpad.com\/de\/tnovib\/#breadcrumb\",\"itemListElement\":[{\"@type\":\"ListItem\",\"position\":1,\"name\":\"Home\",\"item\":\"https:\/\/www.tmfcyclingpad.com\/\"},{\"@type\":\"ListItem\",\"position\":2,\"name\":\"T-NOVIB\"}]},{\"@type\":\"WebSite\",\"@id\":\"https:\/\/www.tmfcyclingpad.com\/#website\",\"url\":\"https:\/\/www.tmfcyclingpad.com\/\",\"name\":\"TMF\",\"description\":\"Just another WordPress site\",\"potentialAction\":[{\"@type\":\"SearchAction\",\"target\":{\"@type\":\"EntryPoint\",\"urlTemplate\":\"https:\/\/www.tmfcyclingpad.com\/?s={search_term_string}\"},\"query-input\":{\"@type\":\"PropertyValueSpecification\",\"valueRequired\":true,\"valueName\":\"search_term_string\"}}],\"inLanguage\":\"de\"}]}<\/script>\n<!-- \/ Yoast SEO plugin. -->","yoast_head_json":{"title":"T-NOVIB - TMF","robots":{"index":"index","follow":"follow","max-snippet":"max-snippet:-1","max-image-preview":"max-image-preview:large","max-video-preview":"max-video-preview:-1"},"canonical":"https:\/\/www.tmfcyclingpad.com\/de\/tnovib\/","og_locale":"de_DE","og_type":"article","og_title":"T-NOVIB - TMF","og_url":"https:\/\/www.tmfcyclingpad.com\/de\/tnovib\/","og_site_name":"TMF","article_modified_time":"2025-02-07T08:22:02+00:00","twitter_card":"summary_large_image","twitter_misc":{"Gesch\u00e4tzte Lesezeit":"1\u00a0Minute"},"schema":{"@context":"https:\/\/schema.org","@graph":[{"@type":"WebPage","@id":"https:\/\/www.tmfcyclingpad.com\/de\/tnovib\/","url":"https:\/\/www.tmfcyclingpad.com\/de\/tnovib\/","name":"T-NOVIB - TMF","isPartOf":{"@id":"https:\/\/www.tmfcyclingpad.com\/#website"},"datePublished":"2019-08-01T09:54:01+00:00","dateModified":"2025-02-07T08:22:02+00:00","breadcrumb":{"@id":"https:\/\/www.tmfcyclingpad.com\/de\/tnovib\/#breadcrumb"},"inLanguage":"de","potentialAction":[{"@type":"ReadAction","target":["https:\/\/www.tmfcyclingpad.com\/de\/tnovib\/"]}]},{"@type":"BreadcrumbList","@id":"https:\/\/www.tmfcyclingpad.com\/de\/tnovib\/#breadcrumb","itemListElement":[{"@type":"ListItem","position":1,"name":"Home","item":"https:\/\/www.tmfcyclingpad.com\/"},{"@type":"ListItem","position":2,"name":"T-NOVIB"}]},{"@type":"WebSite","@id":"https:\/\/www.tmfcyclingpad.com\/#website","url":"https:\/\/www.tmfcyclingpad.com\/","name":"TMF","description":"Just another WordPress site","potentialAction":[{"@type":"SearchAction","target":{"@type":"EntryPoint","urlTemplate":"https:\/\/www.tmfcyclingpad.com\/?s={search_term_string}"},"query-input":{"@type":"PropertyValueSpecification","valueRequired":true,"valueName":"search_term_string"}}],"inLanguage":"de"}]}},"_links":{"self":[{"href":"https:\/\/www.tmfcyclingpad.com\/de\/wp-json\/wp\/v2\/pages\/855","targetHints":{"allow":["GET"]}}],"collection":[{"href":"https:\/\/www.tmfcyclingpad.com\/de\/wp-json\/wp\/v2\/pages"}],"about":[{"href":"https:\/\/www.tmfcyclingpad.com\/de\/wp-json\/wp\/v2\/types\/page"}],"author":[{"embeddable":true,"href":"https:\/\/www.tmfcyclingpad.com\/de\/wp-json\/wp\/v2\/users\/3"}],"replies":[{"embeddable":true,"href":"https:\/\/www.tmfcyclingpad.com\/de\/wp-json\/wp\/v2\/comments?post=855"}],"version-history":[{"count":8,"href":"https:\/\/www.tmfcyclingpad.com\/de\/wp-json\/wp\/v2\/pages\/855\/revisions"}],"predecessor-version":[{"id":34167,"href":"https:\/\/www.tmfcyclingpad.com\/de\/wp-json\/wp\/v2\/pages\/855\/revisions\/34167"}],"wp:attachment":[{"href":"https:\/\/www.tmfcyclingpad.com\/de\/wp-json\/wp\/v2\/media?parent=855"}],"curies":[{"name":"wp","href":"https:\/\/api.w.org\/{rel}","templated":true}]}}