{"id":770,"date":"2019-08-01T11:13:15","date_gmt":"2019-08-01T09:13:15","guid":{"rendered":"https:\/\/www.tmfcyclingpad.com\/?page_id=770"},"modified":"2025-02-07T09:42:25","modified_gmt":"2025-02-07T08:42:25","slug":"breathtech","status":"publish","type":"page","link":"https:\/\/www.tmfcyclingpad.com\/fr\/breathtech\/","title":{"rendered":"BREATH TECH"},"content":{"rendered":"\t<div id=\"gap-1038575653\" class=\"gap-element clearfix\" style=\"display:block; height:auto;\">\n\t\t\n<style>\n#gap-1038575653 {\n  padding-top: 30px;\n}\n<\/style>\n\t<\/div>\n\t\n\t<div class=\"img has-hover x md-x lg-x y md-y lg-y\" id=\"image_54669654\">\n\t\t\t\t\t\t\t\t<div class=\"img-inner dark\" >\n\t\t\t<img loading=\"lazy\" decoding=\"async\" width=\"1000\" height=\"231\" src=\"https:\/\/www.tmfcyclingpad.com\/wp-content\/uploads\/2019\/08\/BREATHTECH-foto.png\" class=\"attachment-large size-large\" alt=\"\" srcset=\"https:\/\/www.tmfcyclingpad.com\/wp-content\/uploads\/2019\/08\/BREATHTECH-foto.png 1000w, https:\/\/www.tmfcyclingpad.com\/wp-content\/uploads\/2019\/08\/BREATHTECH-foto-300x69.png 300w, https:\/\/www.tmfcyclingpad.com\/wp-content\/uploads\/2019\/08\/BREATHTECH-foto-768x177.png 768w\" sizes=\"auto, (max-width: 1000px) 100vw, 1000px\" \/>\t\t\t\t\t\t\n\t\t\t\t\t<\/div>\n\t\t\t\t\t\t\t\t\n<style>\n#image_54669654 {\n  width: 100%;\n}\n<\/style>\n\t<\/div>\n\t\n<div class=\"row\"  id=\"row-1347082239\">\n\n\t<div id=\"col-1140315104\" class=\"col small-12 large-12\"  >\n\t\t\t\t<div class=\"col-inner text-center\"  >\n\t\t\t\n\t\t\t\n\t<div id=\"gap-727835632\" class=\"gap-element clearfix\" style=\"display:block; height:auto;\">\n\t\t\n<style>\n#gap-727835632 {\n  padding-top: 30px;\n}\n<\/style>\n\t<\/div>\n\t\n\t<div class=\"img has-hover x md-x lg-x y md-y lg-y\" id=\"image_2005462339\">\n\t\t\t\t\t\t\t\t<div class=\"img-inner dark\" >\n\t\t\t<img loading=\"lazy\" decoding=\"async\" width=\"500\" height=\"169\" src=\"https:\/\/www.tmfcyclingpad.com\/wp-content\/uploads\/2019\/08\/BREATHTECH-titoletto.png\" class=\"attachment-large size-large\" alt=\"\" srcset=\"https:\/\/www.tmfcyclingpad.com\/wp-content\/uploads\/2019\/08\/BREATHTECH-titoletto.png 500w, https:\/\/www.tmfcyclingpad.com\/wp-content\/uploads\/2019\/08\/BREATHTECH-titoletto-300x101.png 300w\" sizes=\"auto, (max-width: 500px) 100vw, 500px\" \/>\t\t\t\t\t\t\n\t\t\t\t\t<\/div>\n\t\t\t\t\t\t\t\t\n<style>\n#image_2005462339 {\n  width: 70%;\n}\n@media (min-width:550px) {\n  #image_2005462339 {\n    width: 50%;\n  }\n}\n<\/style>\n\t<\/div>\n\t\n<div class=\"message-box relative dark\" ><div class=\"message-box-bg-image bg-fill fill\" ><\/div><div class=\"message-box-bg-overlay bg-fill fill\" style=\"background-color:rgb(0, 171, 233);\"><\/div><div class=\"container relative\"><div class=\"inner last-reset\">\n<div class=\"row align-middle align-center\"  id=\"row-1499830058\">\n\n\t<div id=\"col-1668065657\" class=\"col medium-9 small-12 large-9\"  >\n\t\t\t\t<div class=\"col-inner\"  >\n\t\t\t\n\t\t\t\n<p><span style=\"color: #00abe9;\">.<\/span><\/p>\n\t\t<\/div>\n\t\t\t\t\t<\/div>\n\n\t\n<\/div>\n<\/div><\/div><\/div>\n\t<div id=\"gap-1765912934\" class=\"gap-element clearfix\" style=\"display:block; height:auto;\">\n\t\t\n<style>\n#gap-1765912934 {\n  padding-top: 30px;\n}\n<\/style>\n\t<\/div>\n\t\n<p style=\"text-align: center;\"><span style=\"font-size: 100%;\">BreathTech est un nouveau syst\u00e8me de perforation qui laisse le tissu de surface lisse\u2026 <\/span><\/p>\n<p style=\"text-align: center;\"><span style=\"font-size: 100%;\">C&rsquo;est une \u00e9volution des trous traditionnels con\u00e7us pour am\u00e9liorer l&rsquo;\u00e9vacuation de l&rsquo;humidit\u00e9 et la respirabilit\u00e9. <\/span><\/p>\n<p style=\"text-align: center;\"><span style=\"font-size: 100%;\">Avec le nouveau syst\u00e8me BreathTech, le premier niveau de mousse fix\u00e9 au tissu de surface pr\u00e9sente des \u00abperforations\u00bb innovantes, qui ressemblent \u00e0 des \u00abfentes\u00bb. Qu&rsquo;est-ce qui se passe ensuite?<\/span><\/p>\n<p style=\"text-align: center;\"><span style=\"font-size: 100%;\"> Lorsqu&rsquo;un athl\u00e8te p\u00e9dale, la mousse dans le chamois s&rsquo;\u00e9tire au fur et \u00e0 mesure qu&rsquo;elle accompagne les mouvements du corps. Avec ce mouvement, les fentes coup\u00e9es dans le rembourrage s&rsquo;ouvrent et se ferment, \u00e9vacuant l&rsquo;humidit\u00e9 du corps, agissant comme des \u00ab\u00a0branchies d&rsquo;un poisson\u00a0\u00bb. Dans le m\u00eame temps, la ventilation augmente dans le sens oppos\u00e9 (l&rsquo;effet \u00ab\u00a0branchie\u00a0\u00bb am\u00e9liore le s\u00e9chage rapide jusqu&rsquo;\u00e0 30%).<\/span><\/p>\n\t<div id=\"gap-290455386\" class=\"gap-element clearfix\" style=\"display:block; height:auto;\">\n\t\t\n<style>\n#gap-290455386 {\n  padding-top: 30px;\n}\n<\/style>\n\t<\/div>\n\t\n<div class=\"row show-for-small\"  id=\"row-724710861\">\n\n\t<div id=\"col-1643671021\" class=\"col medium-6 small-6 large-6\"  >\n\t\t\t\t<div class=\"col-inner\"  >\n\t\t\t\n\t\t\t\n<h2 style=\"text-align: center;\"><span style=\"color: #e52325;\">Other Standard hole<\/span><\/h2>\n\t<div class=\"img has-hover x md-x lg-x y md-y lg-y\" id=\"image_1581636208\">\n\t\t\t\t\t\t\t\t<div class=\"img-inner dark\" >\n\t\t\t<img loading=\"lazy\" decoding=\"async\" width=\"165\" height=\"139\" src=\"https:\/\/www.tmfcyclingpad.com\/wp-content\/uploads\/2019\/08\/BREATHTECH-comparazione-DX.png\" class=\"attachment-large size-large\" alt=\"\" \/>\t\t\t\t\t\t\n\t\t\t\t\t<\/div>\n\t\t\t\t\t\t\t\t\n<style>\n#image_1581636208 {\n  width: 100%;\n}\n<\/style>\n\t<\/div>\n\t\n\t\t<\/div>\n\t\t\t\t\t<\/div>\n\n\t\n\n\t<div id=\"col-1085461478\" class=\"col medium-6 small-6 large-6\"  >\n\t\t\t\t<div class=\"col-inner\"  >\n\t\t\t\n\t\t\t\n<h2 style=\"text-align: center;\"><span style=\"color: #e52325;\">TMF Pad with BreathTech hole<\/span><\/h2>\n\t<div class=\"img has-hover x md-x lg-x y md-y lg-y\" id=\"image_1918385478\">\n\t\t\t\t\t\t\t\t<div class=\"img-inner dark\" >\n\t\t\t<img loading=\"lazy\" decoding=\"async\" width=\"165\" height=\"139\" src=\"https:\/\/www.tmfcyclingpad.com\/wp-content\/uploads\/2019\/08\/BREATHTECH-comparazione-SX.png\" class=\"attachment-large size-large\" alt=\"\" \/>\t\t\t\t\t\t\n\t\t\t\t\t<\/div>\n\t\t\t\t\t\t\t\t\n<style>\n#image_1918385478 {\n  width: 100%;\n}\n<\/style>\n\t<\/div>\n\t\n\t\t<\/div>\n\t\t\t\t\t<\/div>\n\n\t\n<\/div>\n<div class=\"row row-small row-dashed hide-for-medium\"  id=\"row-1067411323\">\n\n\t<div id=\"col-1232147915\" class=\"col medium-6 small-6 large-6\"  >\n\t\t\t\t<div class=\"col-inner text-center\"  >\n\t\t\t\n\t\t\t\n<h2 style=\"text-align: center;\"><span style=\"color: #e52325;\">Other Standard hole<\/span><\/h2>\n\t<div class=\"img has-hover x md-x lg-x y md-y lg-y\" id=\"image_472891299\">\n\t\t\t\t\t\t\t\t<div class=\"img-inner dark\" >\n\t\t\t<img loading=\"lazy\" decoding=\"async\" width=\"165\" height=\"139\" src=\"https:\/\/www.tmfcyclingpad.com\/wp-content\/uploads\/2019\/08\/BREATHTECH-comparazione-DX.png\" class=\"attachment-large size-large\" alt=\"\" \/>\t\t\t\t\t\t\n\t\t\t\t\t<\/div>\n\t\t\t\t\t\t\t\t\n<style>\n#image_472891299 {\n  width: 45%;\n}\n<\/style>\n\t<\/div>\n\t\n\t\t<\/div>\n\t\t\t\t\t<\/div>\n\n\t\n\n\t<div id=\"col-661066362\" class=\"col medium-6 small-6 large-6\"  >\n\t\t\t\t<div class=\"col-inner text-center\"  >\n\t\t\t\n\t\t\t\n<h2 style=\"text-align: center;\"><span style=\"color: #e52325;\">TMF Pad with BreathTech hole<\/span><\/h2>\n\t<div class=\"img has-hover x md-x lg-x y md-y lg-y\" id=\"image_2013163592\">\n\t\t\t\t\t\t\t\t<div class=\"img-inner dark\" >\n\t\t\t<img loading=\"lazy\" decoding=\"async\" width=\"165\" height=\"139\" src=\"https:\/\/www.tmfcyclingpad.com\/wp-content\/uploads\/2019\/08\/BREATHTECH-comparazione-SX.png\" class=\"attachment-large size-large\" alt=\"\" \/>\t\t\t\t\t\t\n\t\t\t\t\t<\/div>\n\t\t\t\t\t\t\t\t\n<style>\n#image_2013163592 {\n  width: 45%;\n}\n<\/style>\n\t<\/div>\n\t\n\t\t<\/div>\n\t\t\t\t\t<\/div>\n\n\t\n<\/div>\n\t\t<\/div>\n\t\t\t\t\t<\/div>\n\n\t\n<\/div>\n","protected":false},"excerpt":{"rendered":"","protected":false},"author":3,"featured_media":0,"parent":0,"menu_order":0,"comment_status":"closed","ping_status":"closed","template":"","meta":{"footnotes":""},"class_list":["post-770","page","type-page","status-publish","hentry"],"yoast_head":"<!-- This site is optimized with the Yoast SEO plugin v27.1.1 - https:\/\/yoast.com\/product\/yoast-seo-wordpress\/ -->\n<title>BREATH TECH - TMF<\/title>\n<meta name=\"robots\" content=\"index, follow, max-snippet:-1, max-image-preview:large, max-video-preview:-1\" \/>\n<link rel=\"canonical\" href=\"https:\/\/www.tmfcyclingpad.com\/fr\/breathtech\/\" \/>\n<meta property=\"og:locale\" content=\"fr_FR\" \/>\n<meta property=\"og:type\" content=\"article\" \/>\n<meta property=\"og:title\" content=\"BREATH TECH - TMF\" \/>\n<meta property=\"og:url\" content=\"https:\/\/www.tmfcyclingpad.com\/fr\/breathtech\/\" \/>\n<meta property=\"og:site_name\" content=\"TMF\" \/>\n<meta property=\"article:modified_time\" content=\"2025-02-07T08:42:25+00:00\" \/>\n<meta name=\"twitter:card\" content=\"summary_large_image\" \/>\n<meta name=\"twitter:label1\" content=\"Dur\u00e9e de lecture estim\u00e9e\" \/>\n\t<meta name=\"twitter:data1\" content=\"1 minute\" \/>\n<script type=\"application\/ld+json\" class=\"yoast-schema-graph\">{\"@context\":\"https:\/\/schema.org\",\"@graph\":[{\"@type\":\"WebPage\",\"@id\":\"https:\/\/www.tmfcyclingpad.com\/fr\/breathtech\/\",\"url\":\"https:\/\/www.tmfcyclingpad.com\/fr\/breathtech\/\",\"name\":\"BREATH TECH - TMF\",\"isPartOf\":{\"@id\":\"https:\/\/www.tmfcyclingpad.com\/#website\"},\"datePublished\":\"2019-08-01T09:13:15+00:00\",\"dateModified\":\"2025-02-07T08:42:25+00:00\",\"breadcrumb\":{\"@id\":\"https:\/\/www.tmfcyclingpad.com\/fr\/breathtech\/#breadcrumb\"},\"inLanguage\":\"fr-FR\",\"potentialAction\":[{\"@type\":\"ReadAction\",\"target\":[\"https:\/\/www.tmfcyclingpad.com\/fr\/breathtech\/\"]}]},{\"@type\":\"BreadcrumbList\",\"@id\":\"https:\/\/www.tmfcyclingpad.com\/fr\/breathtech\/#breadcrumb\",\"itemListElement\":[{\"@type\":\"ListItem\",\"position\":1,\"name\":\"Home\",\"item\":\"https:\/\/www.tmfcyclingpad.com\/\"},{\"@type\":\"ListItem\",\"position\":2,\"name\":\"BREATH TECH\"}]},{\"@type\":\"WebSite\",\"@id\":\"https:\/\/www.tmfcyclingpad.com\/#website\",\"url\":\"https:\/\/www.tmfcyclingpad.com\/\",\"name\":\"TMF\",\"description\":\"Just another WordPress site\",\"potentialAction\":[{\"@type\":\"SearchAction\",\"target\":{\"@type\":\"EntryPoint\",\"urlTemplate\":\"https:\/\/www.tmfcyclingpad.com\/?s={search_term_string}\"},\"query-input\":{\"@type\":\"PropertyValueSpecification\",\"valueRequired\":true,\"valueName\":\"search_term_string\"}}],\"inLanguage\":\"fr-FR\"}]}<\/script>\n<!-- \/ Yoast SEO plugin. -->","yoast_head_json":{"title":"BREATH TECH - TMF","robots":{"index":"index","follow":"follow","max-snippet":"max-snippet:-1","max-image-preview":"max-image-preview:large","max-video-preview":"max-video-preview:-1"},"canonical":"https:\/\/www.tmfcyclingpad.com\/fr\/breathtech\/","og_locale":"fr_FR","og_type":"article","og_title":"BREATH TECH - TMF","og_url":"https:\/\/www.tmfcyclingpad.com\/fr\/breathtech\/","og_site_name":"TMF","article_modified_time":"2025-02-07T08:42:25+00:00","twitter_card":"summary_large_image","twitter_misc":{"Dur\u00e9e de lecture estim\u00e9e":"1 minute"},"schema":{"@context":"https:\/\/schema.org","@graph":[{"@type":"WebPage","@id":"https:\/\/www.tmfcyclingpad.com\/fr\/breathtech\/","url":"https:\/\/www.tmfcyclingpad.com\/fr\/breathtech\/","name":"BREATH TECH - TMF","isPartOf":{"@id":"https:\/\/www.tmfcyclingpad.com\/#website"},"datePublished":"2019-08-01T09:13:15+00:00","dateModified":"2025-02-07T08:42:25+00:00","breadcrumb":{"@id":"https:\/\/www.tmfcyclingpad.com\/fr\/breathtech\/#breadcrumb"},"inLanguage":"fr-FR","potentialAction":[{"@type":"ReadAction","target":["https:\/\/www.tmfcyclingpad.com\/fr\/breathtech\/"]}]},{"@type":"BreadcrumbList","@id":"https:\/\/www.tmfcyclingpad.com\/fr\/breathtech\/#breadcrumb","itemListElement":[{"@type":"ListItem","position":1,"name":"Home","item":"https:\/\/www.tmfcyclingpad.com\/"},{"@type":"ListItem","position":2,"name":"BREATH TECH"}]},{"@type":"WebSite","@id":"https:\/\/www.tmfcyclingpad.com\/#website","url":"https:\/\/www.tmfcyclingpad.com\/","name":"TMF","description":"Just another WordPress site","potentialAction":[{"@type":"SearchAction","target":{"@type":"EntryPoint","urlTemplate":"https:\/\/www.tmfcyclingpad.com\/?s={search_term_string}"},"query-input":{"@type":"PropertyValueSpecification","valueRequired":true,"valueName":"search_term_string"}}],"inLanguage":"fr-FR"}]}},"_links":{"self":[{"href":"https:\/\/www.tmfcyclingpad.com\/fr\/wp-json\/wp\/v2\/pages\/770","targetHints":{"allow":["GET"]}}],"collection":[{"href":"https:\/\/www.tmfcyclingpad.com\/fr\/wp-json\/wp\/v2\/pages"}],"about":[{"href":"https:\/\/www.tmfcyclingpad.com\/fr\/wp-json\/wp\/v2\/types\/page"}],"author":[{"embeddable":true,"href":"https:\/\/www.tmfcyclingpad.com\/fr\/wp-json\/wp\/v2\/users\/3"}],"replies":[{"embeddable":true,"href":"https:\/\/www.tmfcyclingpad.com\/fr\/wp-json\/wp\/v2\/comments?post=770"}],"version-history":[{"count":6,"href":"https:\/\/www.tmfcyclingpad.com\/fr\/wp-json\/wp\/v2\/pages\/770\/revisions"}],"predecessor-version":[{"id":34173,"href":"https:\/\/www.tmfcyclingpad.com\/fr\/wp-json\/wp\/v2\/pages\/770\/revisions\/34173"}],"wp:attachment":[{"href":"https:\/\/www.tmfcyclingpad.com\/fr\/wp-json\/wp\/v2\/media?parent=770"}],"curies":[{"name":"wp","href":"https:\/\/api.w.org\/{rel}","templated":true}]}}