{"id":851,"date":"2019-08-01T11:50:18","date_gmt":"2019-08-01T09:50:18","guid":{"rendered":"https:\/\/www.tmfcyclingpad.com\/?page_id=851"},"modified":"2025-02-07T09:16:42","modified_gmt":"2025-02-07T08:16:42","slug":"tnovib","status":"publish","type":"page","link":"https:\/\/www.tmfcyclingpad.com\/fr\/tnovib\/","title":{"rendered":"T-NOVIB"},"content":{"rendered":"\t<div id=\"gap-1591486493\" class=\"gap-element clearfix\" style=\"display:block; height:auto;\">\n\t\t\n<style>\n#gap-1591486493 {\n  padding-top: 30px;\n}\n<\/style>\n\t<\/div>\n\t\n\t<div class=\"img has-hover x md-x lg-x y md-y lg-y\" id=\"image_1435858095\">\n\t\t\t\t\t\t\t\t<div class=\"img-inner dark\" >\n\t\t\t<img loading=\"lazy\" decoding=\"async\" width=\"1000\" height=\"231\" src=\"https:\/\/www.tmfcyclingpad.com\/wp-content\/uploads\/2022\/06\/T-Novib-foto-1-blu.jpg\" class=\"attachment-large size-large\" alt=\"\" srcset=\"https:\/\/www.tmfcyclingpad.com\/wp-content\/uploads\/2022\/06\/T-Novib-foto-1-blu.jpg 1000w, https:\/\/www.tmfcyclingpad.com\/wp-content\/uploads\/2022\/06\/T-Novib-foto-1-blu-300x69.jpg 300w, https:\/\/www.tmfcyclingpad.com\/wp-content\/uploads\/2022\/06\/T-Novib-foto-1-blu-768x177.jpg 768w\" sizes=\"auto, (max-width: 1000px) 100vw, 1000px\" \/>\t\t\t\t\t\t\n\t\t\t\t\t<\/div>\n\t\t\t\t\t\t\t\t\n<style>\n#image_1435858095 {\n  width: 100%;\n}\n<\/style>\n\t<\/div>\n\t\n<div class=\"row\"  id=\"row-534853882\">\n\n\t<div id=\"col-590042568\" class=\"col small-12 large-12\"  >\n\t\t\t\t<div class=\"col-inner text-center\"  >\n\t\t\t\n\t\t\t\n\t<div class=\"img has-hover x md-x lg-x y md-y lg-y\" id=\"image_1532281698\">\n\t\t\t\t\t\t\t\t<div class=\"img-inner dark\" >\n\t\t\t<img loading=\"lazy\" decoding=\"async\" width=\"500\" height=\"169\" src=\"https:\/\/www.tmfcyclingpad.com\/wp-content\/uploads\/2019\/08\/T-Novib-titoletto.png\" class=\"attachment-large size-large\" alt=\"\" srcset=\"https:\/\/www.tmfcyclingpad.com\/wp-content\/uploads\/2019\/08\/T-Novib-titoletto.png 500w, https:\/\/www.tmfcyclingpad.com\/wp-content\/uploads\/2019\/08\/T-Novib-titoletto-300x101.png 300w\" sizes=\"auto, (max-width: 500px) 100vw, 500px\" \/>\t\t\t\t\t\t\n\t\t\t\t\t<\/div>\n\t\t\t\t\t\t\t\t\n<style>\n#image_1532281698 {\n  width: 70%;\n}\n@media (min-width:550px) {\n  #image_1532281698 {\n    width: 50%;\n  }\n}\n<\/style>\n\t<\/div>\n\t\n<div class=\"message-box relative dark\" ><div class=\"message-box-bg-image bg-fill fill\" ><\/div><div class=\"message-box-bg-overlay bg-fill fill\" style=\"background-color:rgb(217, 56, 50);\"><\/div><div class=\"container relative\"><div class=\"inner last-reset\">\n<div class=\"row align-middle align-center\"  id=\"row-1243641624\">\n\n\t<div id=\"col-1306352392\" class=\"col medium-9 small-12 large-9\"  >\n\t\t\t\t<div class=\"col-inner\"  >\n\t\t\t\n\t\t\t\n<p><span style=\"color: #d93832;\">.<\/span><\/p>\n\t\t<\/div>\n\t\t\t\t\t<\/div>\n\n\t\n<\/div>\n<\/div><\/div><\/div>\n\t<div id=\"gap-2108158881\" class=\"gap-element clearfix\" style=\"display:block; height:auto;\">\n\t\t\n<style>\n#gap-2108158881 {\n  padding-top: 30px;\n}\n<\/style>\n\t<\/div>\n\t\n<p style=\"text-align: center;\"><span style=\"font-size: 100%;\">T-Novib est une mousse de nouvelle g\u00e9n\u00e9ration \u00e9tudi\u00e9e et cr\u00e9\u00e9e par le T.M.F. Research Center, bas\u00e9 sur des tests int\u00e9rieurs et ext\u00e9rieurs r\u00e9alis\u00e9s par notre \u00e9quipe cycliste. <\/span><\/p>\n<p style=\"text-align: center;\"><span style=\"font-size: 100%;\">C&rsquo;est une mousse anti-vibration de haute performance, fine et respirante, qui garantit une absorption optimale des chocs sur tous les types de rev\u00eatement, de chaus\u00e9e pour une protection maximale. <\/span><\/p>\n<p style=\"text-align: center;\"><span style=\"font-size: 100%;\">Il est con\u00e7u pour bloquer et disperser les vibrations sans les transf\u00e9rer aux corps des cyclistes. <\/span><\/p>\n<p style=\"text-align: center;\"><strong><span style=\"font-size: 100%;\">Le principal mat\u00e9riau utilis\u00e9 pour d\u00e9velopper sa fonction est un composant naturel qui rend la mousse \u00e9cologique, qui est associ\u00e9e \u00e0 une mousse sp\u00e9cifique construite \u00e0 partir d&rsquo;un m\u00e9lange de latex et de caoutchouc.<\/span><\/strong><\/p>\n\t<div id=\"gap-840052436\" class=\"gap-element clearfix\" style=\"display:block; height:auto;\">\n\t\t\n<style>\n#gap-840052436 {\n  padding-top: 30px;\n}\n<\/style>\n\t<\/div>\n\t\n<div class=\"row show-for-small\"  id=\"row-1645139532\">\n\n\t<div id=\"col-867782742\" class=\"col medium-6 small-6 large-6\"  >\n\t\t\t\t<div class=\"col-inner\"  >\n\t\t\t\n\t\t\t\n<h2 style=\"text-align: center;\"><span style=\"color: #e52325;\">Autre Article Standard<\/span><\/h2>\n\t<div class=\"img has-hover x md-x lg-x y md-y lg-y\" id=\"image_627251435\">\n\t\t\t\t\t\t\t\t<div class=\"img-inner dark\" >\n\t\t\t<img loading=\"lazy\" decoding=\"async\" width=\"165\" height=\"139\" src=\"https:\/\/www.tmfcyclingpad.com\/wp-content\/uploads\/2019\/08\/T-Novib-comparazione-DX.png\" class=\"attachment-large size-large\" alt=\"\" \/>\t\t\t\t\t\t\n\t\t\t\t\t<\/div>\n\t\t\t\t\t\t\t\t\n<style>\n#image_627251435 {\n  width: 100%;\n}\n<\/style>\n\t<\/div>\n\t\n\t\t<\/div>\n\t\t\t\t\t<\/div>\n\n\t\n\n\t<div id=\"col-1851394765\" class=\"col medium-6 small-6 large-6\"  >\n\t\t\t\t<div class=\"col-inner\"  >\n\t\t\t\n\t\t\t\n<h2 style=\"text-align: center;\"><span style=\"color: #e52325;\"> Article TMF avec T-Novib<\/span><\/h2>\n\t<div class=\"img has-hover x md-x lg-x y md-y lg-y\" id=\"image_1267834405\">\n\t\t\t\t\t\t\t\t<div class=\"img-inner dark\" >\n\t\t\t<img loading=\"lazy\" decoding=\"async\" width=\"165\" height=\"139\" src=\"https:\/\/www.tmfcyclingpad.com\/wp-content\/uploads\/2022\/06\/T-Novib-comparazione-SX.png\" class=\"attachment-large size-large\" alt=\"\" \/>\t\t\t\t\t\t\n\t\t\t\t\t<\/div>\n\t\t\t\t\t\t\t\t\n<style>\n#image_1267834405 {\n  width: 100%;\n}\n<\/style>\n\t<\/div>\n\t\n\t\t<\/div>\n\t\t\t\t\t<\/div>\n\n\t\n<\/div>\n<div class=\"row row-small row-dashed hide-for-medium\"  id=\"row-705974559\">\n\n\t<div id=\"col-1897748670\" class=\"col medium-6 small-6 large-6\"  >\n\t\t\t\t<div class=\"col-inner text-center\"  >\n\t\t\t\n\t\t\t\n<h2 style=\"text-align: center;\"><span style=\"color: #e52325;\">Autre Article Standard<\/span><\/h2>\n\t<div class=\"img has-hover x md-x lg-x y md-y lg-y\" id=\"image_1349381207\">\n\t\t\t\t\t\t\t\t<div class=\"img-inner dark\" >\n\t\t\t<img loading=\"lazy\" decoding=\"async\" width=\"165\" height=\"139\" src=\"https:\/\/www.tmfcyclingpad.com\/wp-content\/uploads\/2019\/08\/T-Novib-comparazione-DX.png\" class=\"attachment-large size-large\" alt=\"\" \/>\t\t\t\t\t\t\n\t\t\t\t\t<\/div>\n\t\t\t\t\t\t\t\t\n<style>\n#image_1349381207 {\n  width: 45%;\n}\n<\/style>\n\t<\/div>\n\t\n\t\t<\/div>\n\t\t\t\t\t<\/div>\n\n\t\n\n\t<div id=\"col-1512171185\" class=\"col medium-6 small-6 large-6\"  >\n\t\t\t\t<div class=\"col-inner text-center\"  >\n\t\t\t\n\t\t\t\n<h2 style=\"text-align: center;\"><span style=\"color: #e52325;\">Article TMF avec T-Novib<\/span><\/h2>\n\t<div class=\"img has-hover x md-x lg-x y md-y lg-y\" id=\"image_1590392462\">\n\t\t\t\t\t\t\t\t<div class=\"img-inner dark\" >\n\t\t\t<img loading=\"lazy\" decoding=\"async\" width=\"165\" height=\"139\" src=\"https:\/\/www.tmfcyclingpad.com\/wp-content\/uploads\/2019\/08\/T-Novib-comparazione-SX.png\" class=\"attachment-large size-large\" alt=\"\" \/>\t\t\t\t\t\t\n\t\t\t\t\t<\/div>\n\t\t\t\t\t\t\t\t\n<style>\n#image_1590392462 {\n  width: 45%;\n}\n<\/style>\n\t<\/div>\n\t\n\t\t<\/div>\n\t\t\t\t\t<\/div>\n\n\t\n<\/div>\n\t\t<\/div>\n\t\t\t\t\t<\/div>\n\n\t\n<\/div>\n","protected":false},"excerpt":{"rendered":"","protected":false},"author":3,"featured_media":0,"parent":0,"menu_order":0,"comment_status":"closed","ping_status":"closed","template":"","meta":{"footnotes":""},"class_list":["post-851","page","type-page","status-publish","hentry"],"yoast_head":"<!-- This site is optimized with the Yoast SEO plugin v27.1.1 - https:\/\/yoast.com\/product\/yoast-seo-wordpress\/ -->\n<title>T-NOVIB - TMF<\/title>\n<meta name=\"robots\" content=\"index, follow, max-snippet:-1, max-image-preview:large, max-video-preview:-1\" \/>\n<link rel=\"canonical\" href=\"https:\/\/www.tmfcyclingpad.com\/fr\/tnovib\/\" \/>\n<meta property=\"og:locale\" content=\"fr_FR\" \/>\n<meta property=\"og:type\" content=\"article\" \/>\n<meta property=\"og:title\" content=\"T-NOVIB - TMF\" \/>\n<meta property=\"og:url\" content=\"https:\/\/www.tmfcyclingpad.com\/fr\/tnovib\/\" \/>\n<meta property=\"og:site_name\" content=\"TMF\" \/>\n<meta property=\"article:modified_time\" content=\"2025-02-07T08:16:42+00:00\" \/>\n<meta name=\"twitter:card\" content=\"summary_large_image\" \/>\n<meta name=\"twitter:label1\" content=\"Dur\u00e9e de lecture estim\u00e9e\" \/>\n\t<meta name=\"twitter:data1\" content=\"1 minute\" \/>\n<script type=\"application\/ld+json\" class=\"yoast-schema-graph\">{\"@context\":\"https:\/\/schema.org\",\"@graph\":[{\"@type\":\"WebPage\",\"@id\":\"https:\/\/www.tmfcyclingpad.com\/fr\/tnovib\/\",\"url\":\"https:\/\/www.tmfcyclingpad.com\/fr\/tnovib\/\",\"name\":\"T-NOVIB - TMF\",\"isPartOf\":{\"@id\":\"https:\/\/www.tmfcyclingpad.com\/#website\"},\"datePublished\":\"2019-08-01T09:50:18+00:00\",\"dateModified\":\"2025-02-07T08:16:42+00:00\",\"breadcrumb\":{\"@id\":\"https:\/\/www.tmfcyclingpad.com\/fr\/tnovib\/#breadcrumb\"},\"inLanguage\":\"fr-FR\",\"potentialAction\":[{\"@type\":\"ReadAction\",\"target\":[\"https:\/\/www.tmfcyclingpad.com\/fr\/tnovib\/\"]}]},{\"@type\":\"BreadcrumbList\",\"@id\":\"https:\/\/www.tmfcyclingpad.com\/fr\/tnovib\/#breadcrumb\",\"itemListElement\":[{\"@type\":\"ListItem\",\"position\":1,\"name\":\"Home\",\"item\":\"https:\/\/www.tmfcyclingpad.com\/\"},{\"@type\":\"ListItem\",\"position\":2,\"name\":\"T-NOVIB\"}]},{\"@type\":\"WebSite\",\"@id\":\"https:\/\/www.tmfcyclingpad.com\/#website\",\"url\":\"https:\/\/www.tmfcyclingpad.com\/\",\"name\":\"TMF\",\"description\":\"Just another WordPress site\",\"potentialAction\":[{\"@type\":\"SearchAction\",\"target\":{\"@type\":\"EntryPoint\",\"urlTemplate\":\"https:\/\/www.tmfcyclingpad.com\/?s={search_term_string}\"},\"query-input\":{\"@type\":\"PropertyValueSpecification\",\"valueRequired\":true,\"valueName\":\"search_term_string\"}}],\"inLanguage\":\"fr-FR\"}]}<\/script>\n<!-- \/ Yoast SEO plugin. -->","yoast_head_json":{"title":"T-NOVIB - TMF","robots":{"index":"index","follow":"follow","max-snippet":"max-snippet:-1","max-image-preview":"max-image-preview:large","max-video-preview":"max-video-preview:-1"},"canonical":"https:\/\/www.tmfcyclingpad.com\/fr\/tnovib\/","og_locale":"fr_FR","og_type":"article","og_title":"T-NOVIB - TMF","og_url":"https:\/\/www.tmfcyclingpad.com\/fr\/tnovib\/","og_site_name":"TMF","article_modified_time":"2025-02-07T08:16:42+00:00","twitter_card":"summary_large_image","twitter_misc":{"Dur\u00e9e de lecture estim\u00e9e":"1 minute"},"schema":{"@context":"https:\/\/schema.org","@graph":[{"@type":"WebPage","@id":"https:\/\/www.tmfcyclingpad.com\/fr\/tnovib\/","url":"https:\/\/www.tmfcyclingpad.com\/fr\/tnovib\/","name":"T-NOVIB - TMF","isPartOf":{"@id":"https:\/\/www.tmfcyclingpad.com\/#website"},"datePublished":"2019-08-01T09:50:18+00:00","dateModified":"2025-02-07T08:16:42+00:00","breadcrumb":{"@id":"https:\/\/www.tmfcyclingpad.com\/fr\/tnovib\/#breadcrumb"},"inLanguage":"fr-FR","potentialAction":[{"@type":"ReadAction","target":["https:\/\/www.tmfcyclingpad.com\/fr\/tnovib\/"]}]},{"@type":"BreadcrumbList","@id":"https:\/\/www.tmfcyclingpad.com\/fr\/tnovib\/#breadcrumb","itemListElement":[{"@type":"ListItem","position":1,"name":"Home","item":"https:\/\/www.tmfcyclingpad.com\/"},{"@type":"ListItem","position":2,"name":"T-NOVIB"}]},{"@type":"WebSite","@id":"https:\/\/www.tmfcyclingpad.com\/#website","url":"https:\/\/www.tmfcyclingpad.com\/","name":"TMF","description":"Just another WordPress site","potentialAction":[{"@type":"SearchAction","target":{"@type":"EntryPoint","urlTemplate":"https:\/\/www.tmfcyclingpad.com\/?s={search_term_string}"},"query-input":{"@type":"PropertyValueSpecification","valueRequired":true,"valueName":"search_term_string"}}],"inLanguage":"fr-FR"}]}},"_links":{"self":[{"href":"https:\/\/www.tmfcyclingpad.com\/fr\/wp-json\/wp\/v2\/pages\/851","targetHints":{"allow":["GET"]}}],"collection":[{"href":"https:\/\/www.tmfcyclingpad.com\/fr\/wp-json\/wp\/v2\/pages"}],"about":[{"href":"https:\/\/www.tmfcyclingpad.com\/fr\/wp-json\/wp\/v2\/types\/page"}],"author":[{"embeddable":true,"href":"https:\/\/www.tmfcyclingpad.com\/fr\/wp-json\/wp\/v2\/users\/3"}],"replies":[{"embeddable":true,"href":"https:\/\/www.tmfcyclingpad.com\/fr\/wp-json\/wp\/v2\/comments?post=851"}],"version-history":[{"count":9,"href":"https:\/\/www.tmfcyclingpad.com\/fr\/wp-json\/wp\/v2\/pages\/851\/revisions"}],"predecessor-version":[{"id":34165,"href":"https:\/\/www.tmfcyclingpad.com\/fr\/wp-json\/wp\/v2\/pages\/851\/revisions\/34165"}],"wp:attachment":[{"href":"https:\/\/www.tmfcyclingpad.com\/fr\/wp-json\/wp\/v2\/media?parent=851"}],"curies":[{"name":"wp","href":"https:\/\/api.w.org\/{rel}","templated":true}]}}