{"id":942,"date":"2019-08-06T09:33:09","date_gmt":"2019-08-06T07:33:09","guid":{"rendered":"https:\/\/www.tmfcyclingpad.com\/?page_id=942"},"modified":"2020-04-14T07:16:07","modified_gmt":"2020-04-14T05:16:07","slug":"washing","status":"publish","type":"page","link":"https:\/\/www.tmfcyclingpad.com\/fr\/washing\/","title":{"rendered":"INSTRUCTIONS DE LAVAGE"},"content":{"rendered":"\t<section class=\"section\" id=\"section_1522281958\">\n\t\t<div class=\"bg section-bg fill bg-fill  bg-loaded\" >\n\n\t\t\t\n\t\t\t\n\t\t\t\n\n\t\t<\/div>\n\n\t\t\n\n\t\t<div class=\"section-content relative\">\n\t\t\t\n\n  <div class=\"banner has-hover has-parallax\" id=\"banner-1919534090\">\n          <div class=\"banner-inner fill\">\n        <div class=\"banner-bg fill\" data-parallax=\"-4\" data-parallax-container=\".banner\" data-parallax-background>\n            <div class=\"bg fill bg-fill \"><\/div>\n                        <div class=\"overlay\"><\/div>            \n                    <\/div>\n\t\t\n        <div class=\"banner-layers container\">\n            <div class=\"fill banner-link\"><\/div>            \n   <div id=\"text-box-417588855\" class=\"text-box banner-layer x50 md-x50 lg-x50 y50 md-y50 lg-y50 res-text\">\n                                <div class=\"text-box-content text dark\">\n              \n              <div class=\"text-inner text-center\">\n                  \n<h3 class=\"uppercase\"><span style=\"font-size: 110%;\"><strong>instructions de lavage <br \/>\n<\/strong><\/span><\/h3>\n              <\/div>\n           <\/div>\n                            \n<style>\n#text-box-417588855 {\n  width: 60%;\n}\n#text-box-417588855 .text-box-content {\n  font-size: 100%;\n}\n<\/style>\n    <\/div>\n \n        <\/div>\n      <\/div>\n\n            \n<style>\n#banner-1919534090 {\n  padding-top: 50%;\n}\n#banner-1919534090 .bg.bg-loaded {\n  background-image: url(https:\/\/www.tmfcyclingpad.com\/wp-content\/uploads\/2019\/07\/tmf-cycling-pads2.jpg);\n}\n#banner-1919534090 .overlay {\n  background-color: rgba(0, 0, 0, 0.46);\n}\n#banner-1919534090 .bg {\n  background-position: 0% 52%;\n}\n#banner-1919534090 .ux-shape-divider--top svg {\n  height: 150px;\n  --divider-top-width: 100%;\n}\n#banner-1919534090 .ux-shape-divider--bottom svg {\n  height: 150px;\n  --divider-width: 100%;\n}\n@media (min-width:550px) {\n  #banner-1919534090 {\n    padding-top: 500px;\n  }\n}\n<\/style>\n  <\/div>\n\n\n\t\t<\/div>\n\n\t\t\n<style>\n#section_1522281958 {\n  padding-top: 0px;\n  padding-bottom: 0px;\n}\n#section_1522281958 .ux-shape-divider--top svg {\n  height: 150px;\n  --divider-top-width: 100%;\n}\n#section_1522281958 .ux-shape-divider--bottom svg {\n  height: 150px;\n  --divider-width: 100%;\n}\n<\/style>\n\t<\/section>\n\t\n\t<section class=\"section\" id=\"section_278228011\">\n\t\t<div class=\"bg section-bg fill bg-fill  bg-loaded\" >\n\n\t\t\t\n\t\t\t\n\t\t\t\n\n\t\t<\/div>\n\n\t\t\n\n\t\t<div class=\"section-content relative\">\n\t\t\t\n\t<div id=\"gap-1463742970\" class=\"gap-element clearfix hide-for-medium\" style=\"display:block; height:auto;\">\n\t\t\n<style>\n#gap-1463742970 {\n  padding-top: 45px;\n}\n<\/style>\n\t<\/div>\n\t\n<div class=\"row\"  id=\"row-2073929325\">\n\n\t<div id=\"col-682152501\" class=\"col medium-6 small-12 large-6\"  >\n\t\t\t\t<div class=\"col-inner\"  >\n\t\t\t\n\t\t\t\n<div class=\"row\"  id=\"row-268297560\">\n\n\t<div id=\"col-2136258451\" class=\"col hide-for-medium small-12 large-12\"  >\n\t\t\t\t<div class=\"col-inner text-center\"  >\n\t\t\t\n\t\t\t\n\t<div class=\"img has-hover x md-x lg-x y md-y lg-y\" id=\"image_1105049149\">\n\t\t\t\t\t\t\t\t<div class=\"img-inner dark\" >\n\t\t\t<img loading=\"lazy\" decoding=\"async\" width=\"512\" height=\"512\" src=\"https:\/\/www.tmfcyclingpad.com\/wp-content\/uploads\/2020\/04\/40gradi-2.png\" class=\"attachment-large size-large\" alt=\"\" srcset=\"https:\/\/www.tmfcyclingpad.com\/wp-content\/uploads\/2020\/04\/40gradi-2.png 512w, https:\/\/www.tmfcyclingpad.com\/wp-content\/uploads\/2020\/04\/40gradi-2-300x300.png 300w, https:\/\/www.tmfcyclingpad.com\/wp-content\/uploads\/2020\/04\/40gradi-2-150x150.png 150w\" sizes=\"auto, (max-width: 512px) 100vw, 512px\" \/>\t\t\t\t\t\t\n\t\t\t\t\t<\/div>\n\t\t\t\t\t\t\t\t\n<style>\n#image_1105049149 {\n  width: 20%;\n}\n<\/style>\n\t<\/div>\n\t\n\t<div class=\"img has-hover x md-x lg-x y md-y lg-y\" id=\"image_1817561936\">\n\t\t\t\t\t\t\t\t<div class=\"img-inner dark\" >\n\t\t\t<img loading=\"lazy\" decoding=\"async\" width=\"512\" height=\"512\" src=\"https:\/\/www.tmfcyclingpad.com\/wp-content\/uploads\/2020\/04\/stirare.png\" class=\"attachment-large size-large\" alt=\"\" srcset=\"https:\/\/www.tmfcyclingpad.com\/wp-content\/uploads\/2020\/04\/stirare.png 512w, https:\/\/www.tmfcyclingpad.com\/wp-content\/uploads\/2020\/04\/stirare-300x300.png 300w, https:\/\/www.tmfcyclingpad.com\/wp-content\/uploads\/2020\/04\/stirare-150x150.png 150w\" sizes=\"auto, (max-width: 512px) 100vw, 512px\" \/>\t\t\t\t\t\t\n\t\t\t\t\t<\/div>\n\t\t\t\t\t\t\t\t\n<style>\n#image_1817561936 {\n  width: 20%;\n}\n<\/style>\n\t<\/div>\n\t\n\t<div class=\"img has-hover x md-x lg-x y md-y lg-y\" id=\"image_148963241\">\n\t\t\t\t\t\t\t\t<div class=\"img-inner dark\" >\n\t\t\t<img loading=\"lazy\" decoding=\"async\" width=\"512\" height=\"512\" src=\"https:\/\/www.tmfcyclingpad.com\/wp-content\/uploads\/2020\/04\/non-candeggiare.png\" class=\"attachment-large size-large\" alt=\"\" srcset=\"https:\/\/www.tmfcyclingpad.com\/wp-content\/uploads\/2020\/04\/non-candeggiare.png 512w, https:\/\/www.tmfcyclingpad.com\/wp-content\/uploads\/2020\/04\/non-candeggiare-300x300.png 300w, https:\/\/www.tmfcyclingpad.com\/wp-content\/uploads\/2020\/04\/non-candeggiare-150x150.png 150w\" sizes=\"auto, (max-width: 512px) 100vw, 512px\" \/>\t\t\t\t\t\t\n\t\t\t\t\t<\/div>\n\t\t\t\t\t\t\t\t\n<style>\n#image_148963241 {\n  width: 20%;\n}\n<\/style>\n\t<\/div>\n\t\n\t<div class=\"img has-hover x md-x lg-x y md-y lg-y\" id=\"image_88044226\">\n\t\t\t\t\t\t\t\t<div class=\"img-inner dark\" >\n\t\t\t\t\t\t\t\t\t\n\t\t\t\t\t<\/div>\n\t\t\t\t\t\t\t\t\n<style>\n#image_88044226 {\n  width: 20%;\n}\n<\/style>\n\t<\/div>\n\t\n\t\t<\/div>\n\t\t\t\t\t<\/div>\n\n\t\n<\/div>\n\t\t<\/div>\n\t\t\t\t\t<\/div>\n\n\t\n\n\t<div id=\"col-1496787987\" class=\"col medium-6 small-12 large-6\"  >\n\t\t\t\t<div class=\"col-inner\"  >\n\t\t\t\n\t\t\t\n<div class=\"row\"  id=\"row-552920031\">\n\n\t<div id=\"col-932324582\" class=\"col small-12 large-12\"  >\n\t\t\t\t<div class=\"col-inner\"  >\n\t\t\t\n\t\t\t\n\t<div class=\"img has-hover show-for-medium x md-x lg-x y md-y lg-y\" id=\"image_739039121\">\n\t\t\t\t\t\t\t\t<div class=\"img-inner dark\" >\n\t\t\t<img loading=\"lazy\" decoding=\"async\" width=\"716\" height=\"218\" src=\"https:\/\/www.tmfcyclingpad.com\/wp-content\/uploads\/2020\/04\/Schermata-2020-04-08-alle-12.18.50.png\" class=\"attachment-large size-large\" alt=\"\" srcset=\"https:\/\/www.tmfcyclingpad.com\/wp-content\/uploads\/2020\/04\/Schermata-2020-04-08-alle-12.18.50.png 716w, https:\/\/www.tmfcyclingpad.com\/wp-content\/uploads\/2020\/04\/Schermata-2020-04-08-alle-12.18.50-300x91.png 300w\" sizes=\"auto, (max-width: 716px) 100vw, 716px\" \/>\t\t\t\t\t\t\n\t\t\t\t\t<\/div>\n\t\t\t\t\t\t\t\t\n<style>\n#image_739039121 {\n  width: 100%;\n}\n<\/style>\n\t<\/div>\n\t\n<ul>\n<li><span style=\"font-size: 110%;\">Laver avant la premi\u00e8re utilisation<\/span><\/li>\n<li><span style=\"font-size: 110%;\">Toujours se laver imm\u00e9diatement apr\u00e8s utilisation<\/span><\/li>\n<li><span style=\"font-size: 110%;\">Lavage \u00e0 la main ou en machine (temp\u00e9rature max. 40 \u00b0 C)<\/span><\/li>\n<li><span style=\"font-size: 110%;\">Utilisez des d\u00e9tergents naturels, neutres ou non agressifs<\/span><\/li>\n<li><span style=\"font-size: 110%;\">Ne pas utiliser d&rsquo;adoucissant<\/span><\/li>\n<li><span style=\"font-size: 110%;\">\u00c9vitez de m\u00e9langer des v\u00eatements blancs et color\u00e9s<\/span><\/li>\n<li><span style=\"font-size: 110%;\">Ne pas s\u00e9cher au s\u00e8che-linge ou \u00e0 des temp\u00e9ratures \u00e9lev\u00e9es<\/span><\/li>\n<\/ul>\n\t<div class=\"img has-hover show-for-medium x md-x lg-x y md-y lg-y\" id=\"image_1391050289\">\n\t\t\t\t\t\t\t\t<div class=\"img-inner dark\" >\n\t\t\t\t\t\t\t\t\t\n\t\t\t\t\t<\/div>\n\t\t\t\t\t\t\t\t\n<style>\n#image_1391050289 {\n  width: 100%;\n}\n<\/style>\n\t<\/div>\n\t\n\t\t<\/div>\n\t\t\t\t\t<\/div>\n\n\t\n<\/div>\n\t\t<\/div>\n\t\t\t\t\t<\/div>\n\n\t\n<\/div>\n\t\t<\/div>\n\n\t\t\n<style>\n#section_278228011 {\n  padding-top: 25px;\n  padding-bottom: 25px;\n}\n#section_278228011 .ux-shape-divider--top svg {\n  height: 150px;\n  --divider-top-width: 100%;\n}\n#section_278228011 .ux-shape-divider--bottom svg {\n  height: 150px;\n  --divider-width: 100%;\n}\n@media (min-width:550px) {\n  #section_278228011 {\n    padding-top: 0px;\n    padding-bottom: 0px;\n  }\n}\n<\/style>\n\t<\/section>\n\t\n\t<section class=\"section\" id=\"section_840221033\">\n\t\t<div class=\"bg section-bg fill bg-fill  bg-loaded\" >\n\n\t\t\t\n\t\t\t\n\t\t\t\n\t<div class=\"is-border\"\n\t\tstyle=\"border-width:0px 0px 0px 0px;\">\n\t<\/div>\n\n\t\t<\/div>\n\n\t\t\n\n\t\t<div class=\"section-content relative\">\n\t\t\t\n\t<div id=\"gap-458308749\" class=\"gap-element clearfix\" style=\"display:block; height:auto;\">\n\t\t\n<style>\n#gap-458308749 {\n  padding-top: 45px;\n}\n<\/style>\n\t<\/div>\n\t\n<div class=\"row align-equal\"  id=\"row-57536446\">\n\n\t<div id=\"col-1324069903\" class=\"col medium-3 small-12 large-3\"  >\n\t\t\t\t<div class=\"col-inner\"  >\n\t\t\t\n\t\t\t\n<h2 class=\"uppercase\">\nvoulez-vous plus d&rsquo;informations?<br \/><\/h2>\n<p><span style=\"font-size: 110%;\">Envoyez nous votre message.<\/span><\/p>\n\t\t<\/div>\n\t\t\t\t\t<\/div>\n\n\t\n\n\t<div id=\"col-558396082\" class=\"col medium-9 small-12 large-9\"  >\n\t\t\t\t<div class=\"col-inner\"  >\n\t\t\t\n\t\t\t\n\n<div class=\"wpcf7 no-js\" id=\"wpcf7-f733-o1\" lang=\"en-US\" dir=\"ltr\" data-wpcf7-id=\"733\">\n<div class=\"screen-reader-response\"><p role=\"status\" aria-live=\"polite\" aria-atomic=\"true\"><\/p> <ul><\/ul><\/div>\n<form action=\"\/fr\/wp-json\/wp\/v2\/pages\/942#wpcf7-f733-o1\" method=\"post\" class=\"wpcf7-form init\" aria-label=\"Contact form\" novalidate=\"novalidate\" data-status=\"init\">\n<fieldset class=\"hidden-fields-container\"><input type=\"hidden\" name=\"_wpcf7\" value=\"733\" \/><input type=\"hidden\" name=\"_wpcf7_version\" value=\"6.1.5\" \/><input type=\"hidden\" name=\"_wpcf7_locale\" value=\"en_US\" \/><input type=\"hidden\" name=\"_wpcf7_unit_tag\" value=\"wpcf7-f733-o1\" \/><input type=\"hidden\" name=\"_wpcf7_container_post\" value=\"0\" \/><input type=\"hidden\" name=\"_wpcf7_posted_data_hash\" value=\"\" \/>\n<\/fieldset>\n<p><label>Nom*<\/label><br \/>\n<span class=\"wpcf7-form-control-wrap\" data-name=\"nome\"><input size=\"40\" maxlength=\"400\" class=\"wpcf7-form-control wpcf7-text wpcf7-validates-as-required\" aria-required=\"true\" aria-invalid=\"false\" value=\"\" type=\"text\" name=\"nome\" \/><\/span>\n<\/p>\n<p><label>Pr\u00e9nom*<\/label><br \/>\n<span class=\"wpcf7-form-control-wrap\" data-name=\"cognome\"><input size=\"40\" maxlength=\"400\" class=\"wpcf7-form-control wpcf7-text wpcf7-validates-as-required\" aria-required=\"true\" aria-invalid=\"false\" value=\"\" type=\"text\" name=\"cognome\" \/><\/span>\n<\/p>\n<p><label>Email*<\/label><br \/>\n<span class=\"wpcf7-form-control-wrap\" data-name=\"email\"><input size=\"40\" maxlength=\"400\" class=\"wpcf7-form-control wpcf7-email wpcf7-validates-as-required wpcf7-text wpcf7-validates-as-email\" aria-required=\"true\" aria-invalid=\"false\" value=\"\" type=\"email\" name=\"email\" \/><\/span>\n<\/p>\n<p><label>Portable*<\/label><br \/>\n<span class=\"wpcf7-form-control-wrap\" data-name=\"telefono\"><input size=\"40\" maxlength=\"400\" class=\"wpcf7-form-control wpcf7-text\" aria-invalid=\"false\" value=\"\" type=\"text\" name=\"telefono\" \/><\/span>\n<\/p>\n<p><label>Message<\/label>\n<\/p>\n<p><span class=\"wpcf7-form-control-wrap\" data-name=\"messaggio\"><textarea cols=\"40\" rows=\"10\" maxlength=\"2000\" class=\"wpcf7-form-control wpcf7-textarea\" aria-invalid=\"false\" name=\"messaggio\"><\/textarea><\/span>\n<\/p>\n<div>\n\t<p><span class=\"wpcf7-form-control-wrap\" data-name=\"privacy-policy\"><span class=\"wpcf7-form-control wpcf7-acceptance\"><span class=\"wpcf7-list-item\"><input type=\"checkbox\" name=\"privacy-policy\" value=\"1\" aria-invalid=\"false\" \/><\/span><\/span><\/span>*Acceptez la <a class=\"wp-colorbox-iframe\" href=\"https:\/\/www.iubenda.com\/privacy-policy\/34524073\">Politique de confidentialit\u00e9<\/a>\n\t<\/p>\n<\/div>\n<p><input class=\"wpcf7-form-control wpcf7-submit has-spinner button\" type=\"submit\" value=\"envoyer le message\" \/>\n<\/p><div class=\"wpcf7-response-output\" aria-hidden=\"true\"><\/div>\n<\/form>\n<\/div>\n\n\t\t<\/div>\n\t\t\t\t\t<\/div>\n\n\t\n<\/div>\n\t\t<\/div>\n\n\t\t\n<style>\n#section_840221033 {\n  padding-top: 12px;\n  padding-bottom: 12px;\n  min-height: 269px;\n  background-color: rgb(231, 231, 231);\n}\n#section_840221033 .ux-shape-divider--top svg {\n  height: 150px;\n  --divider-top-width: 100%;\n}\n#section_840221033 .ux-shape-divider--bottom svg {\n  height: 150px;\n  --divider-width: 100%;\n}\n<\/style>\n\t<\/section>\n\t\n","protected":false},"excerpt":{"rendered":"","protected":false},"author":3,"featured_media":0,"parent":0,"menu_order":0,"comment_status":"closed","ping_status":"closed","template":"page-blank.php","meta":{"footnotes":""},"class_list":["post-942","page","type-page","status-publish","hentry"],"yoast_head":"<!-- This site is optimized with the Yoast SEO plugin v27.1.1 - https:\/\/yoast.com\/product\/yoast-seo-wordpress\/ -->\n<title>INSTRUCTIONS DE LAVAGE - TMF<\/title>\n<meta name=\"robots\" content=\"index, follow, max-snippet:-1, max-image-preview:large, max-video-preview:-1\" \/>\n<link rel=\"canonical\" href=\"https:\/\/www.tmfcyclingpad.com\/fr\/washing\/\" \/>\n<meta property=\"og:locale\" content=\"fr_FR\" \/>\n<meta property=\"og:type\" content=\"article\" \/>\n<meta property=\"og:title\" content=\"INSTRUCTIONS DE LAVAGE - TMF\" \/>\n<meta property=\"og:url\" content=\"https:\/\/www.tmfcyclingpad.com\/fr\/washing\/\" \/>\n<meta property=\"og:site_name\" content=\"TMF\" \/>\n<meta property=\"article:modified_time\" content=\"2020-04-14T05:16:07+00:00\" \/>\n<meta name=\"twitter:card\" content=\"summary_large_image\" \/>\n<meta name=\"twitter:label1\" content=\"Dur\u00e9e de lecture estim\u00e9e\" \/>\n\t<meta name=\"twitter:data1\" content=\"1 minute\" \/>\n<script type=\"application\/ld+json\" class=\"yoast-schema-graph\">{\"@context\":\"https:\/\/schema.org\",\"@graph\":[{\"@type\":\"WebPage\",\"@id\":\"https:\/\/www.tmfcyclingpad.com\/fr\/washing\/\",\"url\":\"https:\/\/www.tmfcyclingpad.com\/fr\/washing\/\",\"name\":\"INSTRUCTIONS DE LAVAGE - TMF\",\"isPartOf\":{\"@id\":\"https:\/\/www.tmfcyclingpad.com\/#website\"},\"datePublished\":\"2019-08-06T07:33:09+00:00\",\"dateModified\":\"2020-04-14T05:16:07+00:00\",\"breadcrumb\":{\"@id\":\"https:\/\/www.tmfcyclingpad.com\/fr\/washing\/#breadcrumb\"},\"inLanguage\":\"fr-FR\",\"potentialAction\":[{\"@type\":\"ReadAction\",\"target\":[\"https:\/\/www.tmfcyclingpad.com\/fr\/washing\/\"]}]},{\"@type\":\"BreadcrumbList\",\"@id\":\"https:\/\/www.tmfcyclingpad.com\/fr\/washing\/#breadcrumb\",\"itemListElement\":[{\"@type\":\"ListItem\",\"position\":1,\"name\":\"Home\",\"item\":\"https:\/\/www.tmfcyclingpad.com\/\"},{\"@type\":\"ListItem\",\"position\":2,\"name\":\"INSTRUCTIONS DE LAVAGE\"}]},{\"@type\":\"WebSite\",\"@id\":\"https:\/\/www.tmfcyclingpad.com\/#website\",\"url\":\"https:\/\/www.tmfcyclingpad.com\/\",\"name\":\"TMF\",\"description\":\"Just another WordPress site\",\"potentialAction\":[{\"@type\":\"SearchAction\",\"target\":{\"@type\":\"EntryPoint\",\"urlTemplate\":\"https:\/\/www.tmfcyclingpad.com\/?s={search_term_string}\"},\"query-input\":{\"@type\":\"PropertyValueSpecification\",\"valueRequired\":true,\"valueName\":\"search_term_string\"}}],\"inLanguage\":\"fr-FR\"}]}<\/script>\n<!-- \/ Yoast SEO plugin. -->","yoast_head_json":{"title":"INSTRUCTIONS DE LAVAGE - TMF","robots":{"index":"index","follow":"follow","max-snippet":"max-snippet:-1","max-image-preview":"max-image-preview:large","max-video-preview":"max-video-preview:-1"},"canonical":"https:\/\/www.tmfcyclingpad.com\/fr\/washing\/","og_locale":"fr_FR","og_type":"article","og_title":"INSTRUCTIONS DE LAVAGE - TMF","og_url":"https:\/\/www.tmfcyclingpad.com\/fr\/washing\/","og_site_name":"TMF","article_modified_time":"2020-04-14T05:16:07+00:00","twitter_card":"summary_large_image","twitter_misc":{"Dur\u00e9e de lecture estim\u00e9e":"1 minute"},"schema":{"@context":"https:\/\/schema.org","@graph":[{"@type":"WebPage","@id":"https:\/\/www.tmfcyclingpad.com\/fr\/washing\/","url":"https:\/\/www.tmfcyclingpad.com\/fr\/washing\/","name":"INSTRUCTIONS DE LAVAGE - TMF","isPartOf":{"@id":"https:\/\/www.tmfcyclingpad.com\/#website"},"datePublished":"2019-08-06T07:33:09+00:00","dateModified":"2020-04-14T05:16:07+00:00","breadcrumb":{"@id":"https:\/\/www.tmfcyclingpad.com\/fr\/washing\/#breadcrumb"},"inLanguage":"fr-FR","potentialAction":[{"@type":"ReadAction","target":["https:\/\/www.tmfcyclingpad.com\/fr\/washing\/"]}]},{"@type":"BreadcrumbList","@id":"https:\/\/www.tmfcyclingpad.com\/fr\/washing\/#breadcrumb","itemListElement":[{"@type":"ListItem","position":1,"name":"Home","item":"https:\/\/www.tmfcyclingpad.com\/"},{"@type":"ListItem","position":2,"name":"INSTRUCTIONS DE LAVAGE"}]},{"@type":"WebSite","@id":"https:\/\/www.tmfcyclingpad.com\/#website","url":"https:\/\/www.tmfcyclingpad.com\/","name":"TMF","description":"Just another WordPress site","potentialAction":[{"@type":"SearchAction","target":{"@type":"EntryPoint","urlTemplate":"https:\/\/www.tmfcyclingpad.com\/?s={search_term_string}"},"query-input":{"@type":"PropertyValueSpecification","valueRequired":true,"valueName":"search_term_string"}}],"inLanguage":"fr-FR"}]}},"_links":{"self":[{"href":"https:\/\/www.tmfcyclingpad.com\/fr\/wp-json\/wp\/v2\/pages\/942","targetHints":{"allow":["GET"]}}],"collection":[{"href":"https:\/\/www.tmfcyclingpad.com\/fr\/wp-json\/wp\/v2\/pages"}],"about":[{"href":"https:\/\/www.tmfcyclingpad.com\/fr\/wp-json\/wp\/v2\/types\/page"}],"author":[{"embeddable":true,"href":"https:\/\/www.tmfcyclingpad.com\/fr\/wp-json\/wp\/v2\/users\/3"}],"replies":[{"embeddable":true,"href":"https:\/\/www.tmfcyclingpad.com\/fr\/wp-json\/wp\/v2\/comments?post=942"}],"version-history":[{"count":5,"href":"https:\/\/www.tmfcyclingpad.com\/fr\/wp-json\/wp\/v2\/pages\/942\/revisions"}],"predecessor-version":[{"id":2224,"href":"https:\/\/www.tmfcyclingpad.com\/fr\/wp-json\/wp\/v2\/pages\/942\/revisions\/2224"}],"wp:attachment":[{"href":"https:\/\/www.tmfcyclingpad.com\/fr\/wp-json\/wp\/v2\/media?parent=942"}],"curies":[{"name":"wp","href":"https:\/\/api.w.org\/{rel}","templated":true}]}}