{"id":1522,"date":"2019-12-20T11:07:33","date_gmt":"2019-12-20T10:07:33","guid":{"rendered":"https:\/\/www.tmfcyclingpad.com\/?page_id=1522"},"modified":"2025-10-23T15:12:46","modified_gmt":"2025-10-23T13:12:46","slug":"ecosostenibilita","status":"publish","type":"page","link":"https:\/\/www.tmfcyclingpad.com\/it\/ecosostenibilita\/","title":{"rendered":"ECOSOSTENIBILIT\u00c0"},"content":{"rendered":"\t<section class=\"section\" id=\"section_964676359\">\n\t\t<div class=\"bg section-bg fill bg-fill  bg-loaded\" >\n\n\t\t\t\n\t\t\t\n\t\t\t\n\n\t\t<\/div>\n\n\t\t\n\n\t\t<div class=\"section-content relative\">\n\t\t\t\n\n  <div class=\"banner has-hover hide-for-small has-parallax\" id=\"banner-1199939146\">\n          <div class=\"banner-inner fill\">\n        <div class=\"banner-bg fill\" data-parallax=\"-4\" data-parallax-container=\".banner\" data-parallax-background>\n            <div class=\"bg fill bg-fill \"><\/div>\n                                    \n                    <\/div>\n\t\t\n        <div class=\"banner-layers container\">\n            <div class=\"fill banner-link\"><\/div>            \n   <div id=\"text-box-1856693599\" class=\"text-box banner-layer x50 md-x5 lg-x5 y50 md-y50 lg-y50 res-text\">\n                                <div class=\"text-box-content text dark\">\n              \n              <div class=\"text-inner text-left\">\n                  \n\t<div class=\"img has-hover x md-x lg-x y md-y lg-y\" id=\"image_644819785\">\n\t\t\t\t\t\t\t\t<div class=\"img-inner dark\" >\n\t\t\t<img loading=\"lazy\" decoding=\"async\" width=\"683\" height=\"140\" src=\"https:\/\/www.tmfcyclingpad.com\/wp-content\/uploads\/2019\/12\/sustainable-program.png\" class=\"attachment-large size-large\" alt=\"\" srcset=\"https:\/\/www.tmfcyclingpad.com\/wp-content\/uploads\/2019\/12\/sustainable-program.png 683w, https:\/\/www.tmfcyclingpad.com\/wp-content\/uploads\/2019\/12\/sustainable-program-300x61.png 300w\" sizes=\"auto, (max-width: 683px) 100vw, 683px\" \/>\t\t\t\t\t\t\n\t\t\t\t\t<\/div>\n\t\t\t\t\t\t\t\t\n<style>\n#image_644819785 {\n  width: 100%;\n}\n<\/style>\n\t<\/div>\n\t\n<div class=\"is-divider divider clearfix\" style=\"max-width:40px;\"><\/div>\n              <\/div>\n           <\/div>\n                            \n<style>\n#text-box-1856693599 {\n  width: 65%;\n}\n#text-box-1856693599 .text-box-content {\n  font-size: 100%;\n}\n@media (min-width:550px) {\n  #text-box-1856693599 {\n    width: 53%;\n  }\n}\n<\/style>\n    <\/div>\n \n        <\/div>\n      <\/div>\n\n            \n<style>\n#banner-1199939146 {\n  padding-top: 50%;\n}\n#banner-1199939146 .bg.bg-loaded {\n  background-image: url(https:\/\/www.tmfcyclingpad.com\/wp-content\/uploads\/2019\/12\/cielo-1920x800-2.jpg);\n}\n#banner-1199939146 .bg {\n  background-position: 78% 56%;\n}\n#banner-1199939146 .ux-shape-divider--top svg {\n  height: 150px;\n  --divider-top-width: 100%;\n}\n#banner-1199939146 .ux-shape-divider--bottom svg {\n  height: 150px;\n  --divider-width: 100%;\n}\n@media (min-width:850px) {\n  #banner-1199939146 {\n    padding-top: 560px;\n  }\n}\n<\/style>\n  <\/div>\n\n\n\t\t<\/div>\n\n\t\t\n<style>\n#section_964676359 {\n  padding-top: 0px;\n  padding-bottom: 0px;\n}\n#section_964676359 .ux-shape-divider--top svg {\n  height: 150px;\n  --divider-top-width: 100%;\n}\n#section_964676359 .ux-shape-divider--bottom svg {\n  height: 150px;\n  --divider-width: 100%;\n}\n<\/style>\n\t<\/section>\n\t\n\t<section class=\"section\" id=\"section_437770074\">\n\t\t<div class=\"bg section-bg fill bg-fill  bg-loaded\" >\n\n\t\t\t\n\t\t\t\n\t\t\t\n\n\t\t<\/div>\n\n\t\t\n\n\t\t<div class=\"section-content relative\">\n\t\t\t\n<div class=\"row\"  id=\"row-352974938\">\n\n\t<div id=\"col-2095464077\" class=\"col small-12 large-12\"  >\n\t\t\t\t<div class=\"col-inner text-center\"  >\n\t\t\t\n\t\t\t\n<h1><span style=\"font-size: 120%;\">Il nostro Programma di Sostenibilit\u00e0<\/span><\/h1>\n\t\t<\/div>\n\t\t\t\t\t<\/div>\n\n\t\n<\/div>\n<div class=\"row row-solid\"  id=\"row-1687196095\">\n\n\t<div id=\"col-19779350\" class=\"col medium-4 small-12 large-4\"  >\n\t\t\t\t<div class=\"col-inner\"  >\n\t\t\t\n\t\t\t\n\n\t\t<div class=\"icon-box featured-box icon-box-center text-center\"  >\n\t\t\t\t\t<div class=\"icon-box-img\" style=\"width: 50px\">\n\t\t\t\t<div class=\"icon\">\n\t\t\t\t\t<div class=\"icon-inner\" >\n\t\t\t\t\t\t<img decoding=\"async\" src=\"https:\/\/solve.flatelements.com\/wp-content\/uploads\/2019\/04\/cart.png\" alt=\"\" \/>\t\t\t\t\t<\/div>\n\t\t\t\t<\/div>\n\t\t\t<\/div>\n\t\t\t\t<div class=\"icon-box-text last-reset\">\n\t\t\t\t\t\t\t\t\t\n<h2>Imballaggi 100% riciclabili<\/h2>\n<p>Dal 2015, TMF ha avviato un programma di uso pi\u00f9 consapevole della carta e del cartone, cercando soluzioni alternative a quelle messe in opera precedentemente. Un nuovo gestionale ci ha permesso di informatizzare alcuni processi, riducendo il consumo di carta stampata; anche il cartone utilizzato nell\u2019imballaggio \u00e8 100% riciclabile.<\/p>\n\t\t<\/div>\n\t<\/div>\n\t\n\t\n\t\t<\/div>\n\t\t\t\t\t<\/div>\n\n\t\n\n\t<div id=\"col-1458701274\" class=\"col medium-4 small-12 large-4\"  >\n\t\t\t\t<div class=\"col-inner\"  >\n\t\t\t\n\t\t\t\n\n\t\t<div class=\"icon-box featured-box icon-box-center text-center\"  >\n\t\t\t\t\t<div class=\"icon-box-img\" style=\"width: 50px\">\n\t\t\t\t<div class=\"icon\">\n\t\t\t\t\t<div class=\"icon-inner\" >\n\t\t\t\t\t\t<img loading=\"lazy\" decoding=\"async\" width=\"64\" height=\"64\" src=\"https:\/\/www.tmfcyclingpad.com\/wp-content\/uploads\/2020\/01\/reuse-1.png\" class=\"attachment-medium size-medium\" alt=\"\" \/>\t\t\t\t\t<\/div>\n\t\t\t\t<\/div>\n\t\t\t<\/div>\n\t\t\t\t<div class=\"icon-box-text last-reset\">\n\t\t\t\t\t\t\t\t\t\n<h2>Riutilizzo degli scarti<\/h2>\n<p>La gestione degli scarti di post-produzione da parte di Ente certificato ne permette il riutilizzo.<\/p>\n\t\t<\/div>\n\t<\/div>\n\t\n\t\n\t\t<\/div>\n\t\t\t\t\t<\/div>\n\n\t\n\n\t<div id=\"col-1355597079\" class=\"col medium-4 small-12 large-4\"  >\n\t\t\t\t<div class=\"col-inner\"  >\n\t\t\t\n\t\t\t\n\n\t\t<div class=\"icon-box featured-box icon-box-center text-center\"  >\n\t\t\t\t\t<div class=\"icon-box-img\" style=\"width: 50px\">\n\t\t\t\t<div class=\"icon\">\n\t\t\t\t\t<div class=\"icon-inner\" >\n\t\t\t\t\t\t<img loading=\"lazy\" decoding=\"async\" width=\"64\" height=\"64\" src=\"https:\/\/www.tmfcyclingpad.com\/wp-content\/uploads\/2020\/01\/co2.png\" class=\"attachment-medium size-medium\" alt=\"\" \/>\t\t\t\t\t<\/div>\n\t\t\t\t<\/div>\n\t\t\t<\/div>\n\t\t\t\t<div class=\"icon-box-text last-reset\">\n\t\t\t\t\t\t\t\t\t\n<h2>Riduzione delle emissioni di CO2<\/h2>\n<p>Ci siamo infine concentrati sull\u2019ottimizzazione degli spostamenti e delle emissioni di CO2, procedendo al groupage delle spedizioni in modo da ridurre gli spostamenti di merce da e per il nostro magazzino.<\/p>\n\t\t<\/div>\n\t<\/div>\n\t\n\t\n\t\t<\/div>\n\t\t\t\t\t<\/div>\n\n\t\n\n<style>\n#row-1687196095 > .col > .col-inner {\n  padding: 20px 20px 20px 20px;\n}\n<\/style>\n<\/div>\n\t\t<\/div>\n\n\t\t\n<style>\n#section_437770074 {\n  padding-top: 60px;\n  padding-bottom: 60px;\n  background-color: rgb(255,255,255);\n}\n#section_437770074 .ux-shape-divider--top svg {\n  height: 150px;\n  --divider-top-width: 100%;\n}\n#section_437770074 .ux-shape-divider--bottom svg {\n  height: 150px;\n  --divider-width: 100%;\n}\n<\/style>\n\t<\/section>\n\t\n\n  <div class=\"banner has-hover show-for-small\" id=\"banner-826817733\">\n          <div class=\"banner-inner fill\">\n        <div class=\"banner-bg fill\" >\n            <div class=\"bg fill bg-fill \"><\/div>\n                                    \n                    <\/div>\n\t\t\n        <div class=\"banner-layers container\">\n            <div class=\"fill banner-link\"><\/div>            \n   <div id=\"text-box-1362038315\" class=\"text-box banner-layer x5 md-x50 lg-x50 y50 md-y50 lg-y50 res-text\">\n                                <div class=\"text-box-content text dark\">\n              \n              <div class=\"text-inner text-center\">\n                  \n\t<div class=\"img has-hover x md-x lg-x y md-y lg-y\" id=\"image_106965678\">\n\t\t\t\t\t\t\t\t<div class=\"img-inner dark\" >\n\t\t\t<img loading=\"lazy\" decoding=\"async\" width=\"683\" height=\"140\" src=\"https:\/\/www.tmfcyclingpad.com\/wp-content\/uploads\/2019\/12\/sustainable-program.png\" class=\"attachment-large size-large\" alt=\"\" srcset=\"https:\/\/www.tmfcyclingpad.com\/wp-content\/uploads\/2019\/12\/sustainable-program.png 683w, https:\/\/www.tmfcyclingpad.com\/wp-content\/uploads\/2019\/12\/sustainable-program-300x61.png 300w\" sizes=\"auto, (max-width: 683px) 100vw, 683px\" \/>\t\t\t\t\t\t\n\t\t\t\t\t<\/div>\n\t\t\t\t\t\t\t\t\n<style>\n#image_106965678 {\n  width: 100%;\n}\n<\/style>\n\t<\/div>\n\t\n              <\/div>\n           <\/div>\n                            \n<style>\n#text-box-1362038315 {\n  width: 82%;\n}\n#text-box-1362038315 .text-box-content {\n  font-size: 100%;\n}\n@media (min-width:550px) {\n  #text-box-1362038315 {\n    width: 60%;\n  }\n}\n<\/style>\n    <\/div>\n \n        <\/div>\n      <\/div>\n\n            \n<style>\n#banner-826817733 {\n  padding-top: 99.99%;\n  background-color: rgb(255,255,255);\n}\n#banner-826817733 .bg.bg-loaded {\n  background-image: url(https:\/\/www.tmfcyclingpad.com\/wp-content\/uploads\/2019\/12\/cielo-1920x800-2.jpg);\n}\n#banner-826817733 .bg {\n  background-position: 58% 48%;\n}\n#banner-826817733 .ux-shape-divider--top svg {\n  height: 150px;\n  --divider-top-width: 100%;\n}\n#banner-826817733 .ux-shape-divider--bottom svg {\n  height: 150px;\n  --divider-width: 100%;\n}\n@media (min-width:550px) {\n  #banner-826817733 {\n    padding-top: 500px;\n  }\n}\n<\/style>\n  <\/div>\n\n\n\t<section class=\"section\" id=\"section_514452042\">\n\t\t<div class=\"bg section-bg fill bg-fill  bg-loaded\" >\n\n\t\t\t\n\t\t\t\n\t\t\t\n\n\t\t<\/div>\n\n\t\t\n\n\t\t<div class=\"section-content relative\">\n\t\t\t\n\t<div id=\"gap-1748003774\" class=\"gap-element clearfix\" style=\"display:block; height:auto;\">\n\t\t\n<style>\n#gap-1748003774 {\n  padding-top: 37px;\n}\n<\/style>\n\t<\/div>\n\t\n<div class=\"row align-center\"  id=\"row-1645606217\">\n\n\t<div id=\"col-1334819395\" class=\"col medium-5 small-9 large-5\"  >\n\t\t\t\t<div class=\"col-inner text-center\"  >\n\t\t\t\n\t\t\t\n<h1><span style=\"font-size: 130%;\">Con TMF, il Ciclismo \u00e8 amico dell\u2019ambiente.<\/span><\/h1>\n<p><span style=\"font-size: 115%;\">Rispetto, attento utilizzo delle materie prime e green thinking. Queste le parole chiave del programma di Ecosostenibilit\u00e0 di TMF.<\/span><\/p>\n\t\t<\/div>\n\t\t\t\t\t<\/div>\n\n\t\n<\/div>\n<div class=\"row\"  id=\"row-1926510823\">\n\n\t<div id=\"col-580850167\" class=\"col medium-6 small-12 large-6\"  >\n\t\t\t\t<div class=\"col-inner\"  >\n\t\t\t\n\t\t\t\n\t<div class=\"img has-hover x md-x lg-x y md-y lg-y\" id=\"image_4738189\">\n\t\t\t\t\t\t\t\t<div class=\"img-inner dark\" >\n\t\t\t<img loading=\"lazy\" decoding=\"async\" width=\"525\" height=\"1024\" src=\"https:\/\/www.tmfcyclingpad.com\/wp-content\/uploads\/2025\/10\/albero-eco-1050x2048-2025v2-1-525x1024.webp\" class=\"attachment-large size-large\" alt=\"\" srcset=\"https:\/\/www.tmfcyclingpad.com\/wp-content\/uploads\/2025\/10\/albero-eco-1050x2048-2025v2-1-525x1024.webp 525w, https:\/\/www.tmfcyclingpad.com\/wp-content\/uploads\/2025\/10\/albero-eco-1050x2048-2025v2-1-154x300.webp 154w, https:\/\/www.tmfcyclingpad.com\/wp-content\/uploads\/2025\/10\/albero-eco-1050x2048-2025v2-1-768x1498.webp 768w, https:\/\/www.tmfcyclingpad.com\/wp-content\/uploads\/2025\/10\/albero-eco-1050x2048-2025v2-1-788x1536.webp 788w, https:\/\/www.tmfcyclingpad.com\/wp-content\/uploads\/2025\/10\/albero-eco-1050x2048-2025v2-1.webp 1050w\" sizes=\"auto, (max-width: 525px) 100vw, 525px\" \/>\t\t\t\t\t\t\n\t\t\t\t\t<\/div>\n\t\t\t\t\t\t\t\t\n<style>\n#image_4738189 {\n  width: 100%;\n}\n<\/style>\n\t<\/div>\n\t\n\t\t<\/div>\n\t\t\t\t\t<\/div>\n\n\t\n\n\t<div id=\"col-438192583\" class=\"col medium-6 small-12 large-6\"  >\n\t\t\t\t<div class=\"col-inner\"  >\n\t\t\t\n\t\t\t\n<h2>ETICA E CRESCITA SOSTENIBILE<\/h2>\n<p>Per la nostra predisposizione e la nostra esperienza, abbiamo maturato negli anni una consapevole sensibilit\u00e0 \u201cgreen\u201d verso il pianeta su cui noi tutti viviamo, ci muoviamo, sviluppiamo passioni e creiamo nuove realt\u00e0.<br \/>La volont\u00e0 di TMF \u00e8 dare vita ad un prodotto di alta qualit\u00e0 che sia al contempo il risultato di una costante riduzione dell\u2019impatto ambientale dei processi produttivi.<\/p>\n<p>Il conseguimento della certificazione OEKO-TEX<sup>\u00ae<\/sup> assicura l\u2019impiego di tessuti e materiali sicuri; l\u2019utilizzo di tessuti certificati BLUESIGN<sup>\u00ae<\/sup> sottolinea l\u2019impegno nel seguire le linee guida per la sostenibilit\u00e0 tessile; cosi\u2019 come le certificazioni ISO 14001 per la gestione ambientale ed ISO 9001 per la gestione della qualit\u00e0.<\/p>\n<p><strong><a href=\"https:\/\/www.tmfcyclingpad.com\/it\/certificazioni\/\" target=\"_blank\" rel=\"noopener noreferrer\">Guarda le nostre Certificazioni &gt;<\/a><\/strong><\/p>\n<p><a href=\"https:\/\/www.tmfcyclingpad.com\/wp-content\/uploads\/2024\/09\/INTEGRATED-QUALITY-AND-ENVIRONMENT-POLICY_ITA.pdf\" target=\"_blank\" rel=\"noopener\"><strong>Guarda la nostra Politica Integrata Qualit\u00e0 e Ambiente &gt;<\/strong><\/a><\/p>\n<div class=\"is-divider divider clearfix\" ><\/div>\n<h2>SENSIBILI ALL\u2019AMBIENTE<\/h2>\n<p>TMF porta avanti un sempre pi\u00f9 accurato studio dei materiali, dei processi e delle tecniche produttive per ottimizzare l\u2019uso delle risorse energetiche necessarie alla produzione. Nel 2008 l\u2019azienda ha ideato il primo prodotto con materiale riciclato: TMF \u00e8 attenta al riciclaggio dei rifiuti e utilizza materie prime e componenti eco-friendly, ponendo inoltre attenzione all\u2019impatto del materiale promozionale di marketing e di stampa.<\/p>\n<a href=\"\/it\/prius\/\" target=\"_self\" class=\"button primary\"  >\n    <span>Scopri il nuovo fondello Prius<\/span>\n  <\/a>\n\n\t\t<\/div>\n\t\t\t\t\t<\/div>\n\n\t\n<\/div>\n\t\t<\/div>\n\n\t\t\n<style>\n#section_514452042 {\n  padding-top: 30px;\n  padding-bottom: 30px;\n  background-color: rgb(240, 249, 254);\n}\n#section_514452042 .ux-shape-divider--top svg {\n  height: 150px;\n  --divider-top-width: 100%;\n}\n#section_514452042 .ux-shape-divider--bottom svg {\n  height: 150px;\n  --divider-width: 100%;\n}\n<\/style>\n\t<\/section>\n\t\n\n","protected":false},"excerpt":{"rendered":"","protected":false},"author":3,"featured_media":0,"parent":0,"menu_order":0,"comment_status":"closed","ping_status":"closed","template":"page-blank.php","meta":{"footnotes":""},"class_list":["post-1522","page","type-page","status-publish","hentry"],"yoast_head":"<!-- This site is optimized with the Yoast SEO plugin v27.1.1 - https:\/\/yoast.com\/product\/yoast-seo-wordpress\/ -->\n<title>ECOSOSTENIBILIT\u00c0 - TMF<\/title>\n<meta name=\"robots\" content=\"index, follow, max-snippet:-1, max-image-preview:large, max-video-preview:-1\" \/>\n<link rel=\"canonical\" href=\"https:\/\/www.tmfcyclingpad.com\/it\/ecosostenibilita\/\" \/>\n<meta property=\"og:locale\" content=\"it_IT\" \/>\n<meta property=\"og:type\" content=\"article\" \/>\n<meta property=\"og:title\" content=\"ECOSOSTENIBILIT\u00c0 - TMF\" \/>\n<meta property=\"og:url\" content=\"https:\/\/www.tmfcyclingpad.com\/it\/ecosostenibilita\/\" \/>\n<meta property=\"og:site_name\" content=\"TMF\" \/>\n<meta property=\"article:modified_time\" content=\"2025-10-23T13:12:46+00:00\" \/>\n<meta name=\"twitter:card\" content=\"summary_large_image\" \/>\n<meta name=\"twitter:label1\" content=\"Tempo di lettura stimato\" \/>\n\t<meta name=\"twitter:data1\" content=\"4 minuti\" \/>\n<script type=\"application\/ld+json\" class=\"yoast-schema-graph\">{\"@context\":\"https:\/\/schema.org\",\"@graph\":[{\"@type\":\"WebPage\",\"@id\":\"https:\/\/www.tmfcyclingpad.com\/it\/ecosostenibilita\/\",\"url\":\"https:\/\/www.tmfcyclingpad.com\/it\/ecosostenibilita\/\",\"name\":\"ECOSOSTENIBILIT\u00c0 - TMF\",\"isPartOf\":{\"@id\":\"https:\/\/www.tmfcyclingpad.com\/#website\"},\"datePublished\":\"2019-12-20T10:07:33+00:00\",\"dateModified\":\"2025-10-23T13:12:46+00:00\",\"breadcrumb\":{\"@id\":\"https:\/\/www.tmfcyclingpad.com\/it\/ecosostenibilita\/#breadcrumb\"},\"inLanguage\":\"it-IT\",\"potentialAction\":[{\"@type\":\"ReadAction\",\"target\":[\"https:\/\/www.tmfcyclingpad.com\/it\/ecosostenibilita\/\"]}]},{\"@type\":\"BreadcrumbList\",\"@id\":\"https:\/\/www.tmfcyclingpad.com\/it\/ecosostenibilita\/#breadcrumb\",\"itemListElement\":[{\"@type\":\"ListItem\",\"position\":1,\"name\":\"Home\",\"item\":\"https:\/\/www.tmfcyclingpad.com\/it\/\"},{\"@type\":\"ListItem\",\"position\":2,\"name\":\"ECOSOSTENIBILIT\u00c0\"}]},{\"@type\":\"WebSite\",\"@id\":\"https:\/\/www.tmfcyclingpad.com\/#website\",\"url\":\"https:\/\/www.tmfcyclingpad.com\/\",\"name\":\"TMF\",\"description\":\"Just another WordPress site\",\"potentialAction\":[{\"@type\":\"SearchAction\",\"target\":{\"@type\":\"EntryPoint\",\"urlTemplate\":\"https:\/\/www.tmfcyclingpad.com\/?s={search_term_string}\"},\"query-input\":{\"@type\":\"PropertyValueSpecification\",\"valueRequired\":true,\"valueName\":\"search_term_string\"}}],\"inLanguage\":\"it-IT\"}]}<\/script>\n<!-- \/ Yoast SEO plugin. -->","yoast_head_json":{"title":"ECOSOSTENIBILIT\u00c0 - TMF","robots":{"index":"index","follow":"follow","max-snippet":"max-snippet:-1","max-image-preview":"max-image-preview:large","max-video-preview":"max-video-preview:-1"},"canonical":"https:\/\/www.tmfcyclingpad.com\/it\/ecosostenibilita\/","og_locale":"it_IT","og_type":"article","og_title":"ECOSOSTENIBILIT\u00c0 - TMF","og_url":"https:\/\/www.tmfcyclingpad.com\/it\/ecosostenibilita\/","og_site_name":"TMF","article_modified_time":"2025-10-23T13:12:46+00:00","twitter_card":"summary_large_image","twitter_misc":{"Tempo di lettura stimato":"4 minuti"},"schema":{"@context":"https:\/\/schema.org","@graph":[{"@type":"WebPage","@id":"https:\/\/www.tmfcyclingpad.com\/it\/ecosostenibilita\/","url":"https:\/\/www.tmfcyclingpad.com\/it\/ecosostenibilita\/","name":"ECOSOSTENIBILIT\u00c0 - TMF","isPartOf":{"@id":"https:\/\/www.tmfcyclingpad.com\/#website"},"datePublished":"2019-12-20T10:07:33+00:00","dateModified":"2025-10-23T13:12:46+00:00","breadcrumb":{"@id":"https:\/\/www.tmfcyclingpad.com\/it\/ecosostenibilita\/#breadcrumb"},"inLanguage":"it-IT","potentialAction":[{"@type":"ReadAction","target":["https:\/\/www.tmfcyclingpad.com\/it\/ecosostenibilita\/"]}]},{"@type":"BreadcrumbList","@id":"https:\/\/www.tmfcyclingpad.com\/it\/ecosostenibilita\/#breadcrumb","itemListElement":[{"@type":"ListItem","position":1,"name":"Home","item":"https:\/\/www.tmfcyclingpad.com\/it\/"},{"@type":"ListItem","position":2,"name":"ECOSOSTENIBILIT\u00c0"}]},{"@type":"WebSite","@id":"https:\/\/www.tmfcyclingpad.com\/#website","url":"https:\/\/www.tmfcyclingpad.com\/","name":"TMF","description":"Just another WordPress site","potentialAction":[{"@type":"SearchAction","target":{"@type":"EntryPoint","urlTemplate":"https:\/\/www.tmfcyclingpad.com\/?s={search_term_string}"},"query-input":{"@type":"PropertyValueSpecification","valueRequired":true,"valueName":"search_term_string"}}],"inLanguage":"it-IT"}]}},"_links":{"self":[{"href":"https:\/\/www.tmfcyclingpad.com\/it\/wp-json\/wp\/v2\/pages\/1522","targetHints":{"allow":["GET"]}}],"collection":[{"href":"https:\/\/www.tmfcyclingpad.com\/it\/wp-json\/wp\/v2\/pages"}],"about":[{"href":"https:\/\/www.tmfcyclingpad.com\/it\/wp-json\/wp\/v2\/types\/page"}],"author":[{"embeddable":true,"href":"https:\/\/www.tmfcyclingpad.com\/it\/wp-json\/wp\/v2\/users\/3"}],"replies":[{"embeddable":true,"href":"https:\/\/www.tmfcyclingpad.com\/it\/wp-json\/wp\/v2\/comments?post=1522"}],"version-history":[{"count":16,"href":"https:\/\/www.tmfcyclingpad.com\/it\/wp-json\/wp\/v2\/pages\/1522\/revisions"}],"predecessor-version":[{"id":36466,"href":"https:\/\/www.tmfcyclingpad.com\/it\/wp-json\/wp\/v2\/pages\/1522\/revisions\/36466"}],"wp:attachment":[{"href":"https:\/\/www.tmfcyclingpad.com\/it\/wp-json\/wp\/v2\/media?parent=1522"}],"curies":[{"name":"wp","href":"https:\/\/api.w.org\/{rel}","templated":true}]}}