{"id":727,"date":"2019-07-31T14:58:40","date_gmt":"2019-07-31T12:58:40","guid":{"rendered":"https:\/\/www.tmfcyclingpad.com\/?page_id=727"},"modified":"2022-06-29T10:19:21","modified_gmt":"2022-06-29T08:19:21","slug":"airmesh","status":"publish","type":"page","link":"https:\/\/www.tmfcyclingpad.com\/it\/airmesh\/","title":{"rendered":"AIRMESH"},"content":{"rendered":"\t<div id=\"gap-247537157\" class=\"gap-element clearfix\" style=\"display:block; height:auto;\">\n\t\t\n<style>\n#gap-247537157 {\n  padding-top: 30px;\n}\n<\/style>\n\t<\/div>\n\t\n\t<div class=\"img has-hover x md-x lg-x y md-y lg-y\" id=\"image_1873023867\">\n\t\t\t\t\t\t\t\t<div class=\"img-inner dark\" >\n\t\t\t<img loading=\"lazy\" decoding=\"async\" width=\"1000\" height=\"231\" src=\"https:\/\/www.tmfcyclingpad.com\/wp-content\/uploads\/2019\/07\/AIRMESH-foto.jpg\" class=\"attachment-large size-large\" alt=\"\" srcset=\"https:\/\/www.tmfcyclingpad.com\/wp-content\/uploads\/2019\/07\/AIRMESH-foto.jpg 1000w, https:\/\/www.tmfcyclingpad.com\/wp-content\/uploads\/2019\/07\/AIRMESH-foto-300x69.jpg 300w, https:\/\/www.tmfcyclingpad.com\/wp-content\/uploads\/2019\/07\/AIRMESH-foto-768x177.jpg 768w\" sizes=\"auto, (max-width: 1000px) 100vw, 1000px\" \/>\t\t\t\t\t\t\n\t\t\t\t\t<\/div>\n\t\t\t\t\t\t\t\t\n<style>\n#image_1873023867 {\n  width: 100%;\n}\n<\/style>\n\t<\/div>\n\t\n<div class=\"row\"  id=\"row-379483067\">\n\n\t<div id=\"col-129830753\" class=\"col small-12 large-12\"  >\n\t\t\t\t<div class=\"col-inner text-center\"  >\n\t\t\t\n\t\t\t\n\t<div class=\"img has-hover x md-x lg-x y md-y lg-y\" id=\"image_47318985\">\n\t\t\t\t\t\t\t\t<div class=\"img-inner dark\" >\n\t\t\t<img loading=\"lazy\" decoding=\"async\" width=\"500\" height=\"169\" src=\"https:\/\/www.tmfcyclingpad.com\/wp-content\/uploads\/2019\/07\/AIRMESH-titoletto.png\" class=\"attachment-large size-large\" alt=\"\" srcset=\"https:\/\/www.tmfcyclingpad.com\/wp-content\/uploads\/2019\/07\/AIRMESH-titoletto.png 500w, https:\/\/www.tmfcyclingpad.com\/wp-content\/uploads\/2019\/07\/AIRMESH-titoletto-300x101.png 300w\" sizes=\"auto, (max-width: 500px) 100vw, 500px\" \/>\t\t\t\t\t\t\n\t\t\t\t\t<\/div>\n\t\t\t\t\t\t\t\t\n<style>\n#image_47318985 {\n  width: 70%;\n}\n@media (min-width:550px) {\n  #image_47318985 {\n    width: 50%;\n  }\n}\n<\/style>\n\t<\/div>\n\t\n<div class=\"message-box relative dark\" style=\"padding-top:15px;padding-bottom:15px;\"><div class=\"message-box-bg-image bg-fill fill\" ><\/div><div class=\"message-box-bg-overlay bg-fill fill\" style=\"background-color:rgb(56, 182, 171);\"><\/div><div class=\"container relative\"><div class=\"inner last-reset\">\n<div class=\"row align-middle align-center\"  id=\"row-2078834046\">\n\n\t<div id=\"col-886854782\" class=\"col medium-9 small-12 large-9\"  >\n\t\t\t\t<div class=\"col-inner\"  >\n\t\t\t\n\t\t\t\n<p style=\"text-align: center;\"><span style=\"font-size: 100%;\">EXCLUSIVE INTERNATIONAL PATENT<\/span><\/p>\n\t\t<\/div>\n\t\t\t\t\t<\/div>\n\n\t\n<\/div>\n<\/div><\/div><\/div>\n\t<div id=\"gap-1136039847\" class=\"gap-element clearfix\" style=\"display:block; height:auto;\">\n\t\t\n<style>\n#gap-1136039847 {\n  padding-top: 30px;\n}\n<\/style>\n\t<\/div>\n\t\n<p style=\"text-align: center;\"><span style=\"font-size: 100%;\">L\u2019Airmesh\u00ae non \u00e8 una schiuma ma un componente tridimensionale con caratteristiche di assorbimento urto simile alle schiume tradizionali. Non trattiene l\u2019umidit\u00e0 e quindi la tua pelle rimane sempre asciutta. <\/span><\/p>\n<p style=\"text-align: center;\"><span style=\"font-size: 100%;\">Airmesh\u00ae \u00e8 stato sviluppato ed utilizzato in esclusiva per TMF al fine di rivoluzionare la traspirabilit\u00e0, migliorando la velocit\u00e0 di asciugatura di oltre il 20%. <\/span><\/p>\n<p style=\"text-align: center;\"><span style=\"font-size: 100%;\">Ci\u00f2 risulta particolarmente importante per le lunghe distanze in quanto mantiene i corridori freschi ed asciutti. <\/span><\/p>\n<div class=\"row show-for-small\"  id=\"row-814585927\">\n\n\t<div id=\"col-1811164017\" class=\"col medium-6 small-6 large-6\"  >\n\t\t\t\t<div class=\"col-inner\"  >\n\t\t\t\n\t\t\t\n<h2 style=\"text-align: center;\"><span style=\"color: #e52325;\">Altro articolo Standard<\/span><\/h2>\n\t<div class=\"img has-hover x md-x lg-x y md-y lg-y\" id=\"image_1600936566\">\n\t\t\t\t\t\t\t\t<div class=\"img-inner dark\" >\n\t\t\t<img loading=\"lazy\" decoding=\"async\" width=\"165\" height=\"115\" src=\"https:\/\/www.tmfcyclingpad.com\/wp-content\/uploads\/2019\/07\/AIRMESH-comparazione-SX.png\" class=\"attachment-large size-large\" alt=\"\" \/>\t\t\t\t\t\t\n\t\t\t\t\t<\/div>\n\t\t\t\t\t\t\t\t\n<style>\n#image_1600936566 {\n  width: 100%;\n}\n<\/style>\n\t<\/div>\n\t\n\t\t<\/div>\n\t\t\t\t\t<\/div>\n\n\t\n\n\t<div id=\"col-1780892940\" class=\"col medium-6 small-6 large-6\"  >\n\t\t\t\t<div class=\"col-inner\"  >\n\t\t\t\n\t\t\t\n<h2 style=\"text-align: center;\"><span style=\"color: #e52325;\">Articolo TMF con Airmesh\u00ae<\/span><\/h2>\n\t<div class=\"img has-hover x md-x lg-x y md-y lg-y\" id=\"image_957854561\">\n\t\t\t\t\t\t\t\t<div class=\"img-inner dark\" >\n\t\t\t<img loading=\"lazy\" decoding=\"async\" width=\"165\" height=\"139\" src=\"https:\/\/www.tmfcyclingpad.com\/wp-content\/uploads\/2019\/07\/AIRMESH-comparazione-DX.png\" class=\"attachment-large size-large\" alt=\"\" \/>\t\t\t\t\t\t\n\t\t\t\t\t<\/div>\n\t\t\t\t\t\t\t\t\n<style>\n#image_957854561 {\n  width: 100%;\n}\n<\/style>\n\t<\/div>\n\t\n\t\t<\/div>\n\t\t\t\t\t<\/div>\n\n\t\n<\/div>\n<div class=\"row row-small row-dashed hide-for-medium\"  id=\"row-1452630158\">\n\n\t<div id=\"col-1684995650\" class=\"col medium-6 small-6 large-6\"  >\n\t\t\t\t<div class=\"col-inner text-center\"  >\n\t\t\t\n\t\t\t\n<h2 style=\"text-align: center;\"><span style=\"color: #e52325;\">Altro articolo standard<\/span><\/h2>\n\t<div class=\"img has-hover x md-x lg-x y md-y lg-y\" id=\"image_1159236277\">\n\t\t\t\t\t\t\t\t<div class=\"img-inner dark\" >\n\t\t\t<img loading=\"lazy\" decoding=\"async\" width=\"165\" height=\"115\" src=\"https:\/\/www.tmfcyclingpad.com\/wp-content\/uploads\/2019\/07\/AIRMESH-comparazione-SX.png\" class=\"attachment-large size-large\" alt=\"\" \/>\t\t\t\t\t\t\n\t\t\t\t\t<\/div>\n\t\t\t\t\t\t\t\t\n<style>\n#image_1159236277 {\n  width: 45%;\n}\n<\/style>\n\t<\/div>\n\t\n\t\t<\/div>\n\t\t\t\t\t<\/div>\n\n\t\n\n\t<div id=\"col-1199106849\" class=\"col medium-6 small-6 large-6\"  >\n\t\t\t\t<div class=\"col-inner text-center\"  >\n\t\t\t\n\t\t\t\n<h2 style=\"text-align: center;\"><span style=\"color: #e52325;\">Articolo TMF con Airmesh\u00ae<\/span><\/h2>\n\t<div class=\"img has-hover x md-x lg-x y md-y lg-y\" id=\"image_922187901\">\n\t\t\t\t\t\t\t\t<div class=\"img-inner dark\" >\n\t\t\t<img loading=\"lazy\" decoding=\"async\" width=\"165\" height=\"139\" src=\"https:\/\/www.tmfcyclingpad.com\/wp-content\/uploads\/2019\/07\/AIRMESH-comparazione-DX.png\" class=\"attachment-large size-large\" alt=\"\" \/>\t\t\t\t\t\t\n\t\t\t\t\t<\/div>\n\t\t\t\t\t\t\t\t\n<style>\n#image_922187901 {\n  width: 45%;\n}\n<\/style>\n\t<\/div>\n\t\n\t\t<\/div>\n\t\t\t\t\t<\/div>\n\n\t\n<\/div>\n\t\t<\/div>\n\t\t\t\t\t<\/div>\n\n\t\n<\/div>\n","protected":false},"excerpt":{"rendered":"","protected":false},"author":3,"featured_media":0,"parent":0,"menu_order":0,"comment_status":"closed","ping_status":"closed","template":"","meta":{"footnotes":""},"class_list":["post-727","page","type-page","status-publish","hentry"],"yoast_head":"<!-- This site is optimized with the Yoast SEO plugin v27.1.1 - https:\/\/yoast.com\/product\/yoast-seo-wordpress\/ -->\n<title>AIRMESH - TMF<\/title>\n<meta name=\"robots\" content=\"index, follow, max-snippet:-1, max-image-preview:large, max-video-preview:-1\" \/>\n<link rel=\"canonical\" href=\"https:\/\/www.tmfcyclingpad.com\/it\/airmesh\/\" \/>\n<meta property=\"og:locale\" content=\"it_IT\" \/>\n<meta property=\"og:type\" content=\"article\" \/>\n<meta property=\"og:title\" content=\"AIRMESH - TMF\" \/>\n<meta property=\"og:url\" content=\"https:\/\/www.tmfcyclingpad.com\/it\/airmesh\/\" \/>\n<meta property=\"og:site_name\" content=\"TMF\" \/>\n<meta property=\"article:modified_time\" content=\"2022-06-29T08:19:21+00:00\" \/>\n<meta name=\"twitter:card\" content=\"summary_large_image\" \/>\n<meta name=\"twitter:label1\" content=\"Tempo di lettura stimato\" \/>\n\t<meta name=\"twitter:data1\" content=\"1 minuto\" \/>\n<script type=\"application\/ld+json\" class=\"yoast-schema-graph\">{\"@context\":\"https:\/\/schema.org\",\"@graph\":[{\"@type\":\"WebPage\",\"@id\":\"https:\/\/www.tmfcyclingpad.com\/it\/airmesh\/\",\"url\":\"https:\/\/www.tmfcyclingpad.com\/it\/airmesh\/\",\"name\":\"AIRMESH - TMF\",\"isPartOf\":{\"@id\":\"https:\/\/www.tmfcyclingpad.com\/#website\"},\"datePublished\":\"2019-07-31T12:58:40+00:00\",\"dateModified\":\"2022-06-29T08:19:21+00:00\",\"breadcrumb\":{\"@id\":\"https:\/\/www.tmfcyclingpad.com\/it\/airmesh\/#breadcrumb\"},\"inLanguage\":\"it-IT\",\"potentialAction\":[{\"@type\":\"ReadAction\",\"target\":[\"https:\/\/www.tmfcyclingpad.com\/it\/airmesh\/\"]}]},{\"@type\":\"BreadcrumbList\",\"@id\":\"https:\/\/www.tmfcyclingpad.com\/it\/airmesh\/#breadcrumb\",\"itemListElement\":[{\"@type\":\"ListItem\",\"position\":1,\"name\":\"Home\",\"item\":\"https:\/\/www.tmfcyclingpad.com\/it\/\"},{\"@type\":\"ListItem\",\"position\":2,\"name\":\"AIRMESH\"}]},{\"@type\":\"WebSite\",\"@id\":\"https:\/\/www.tmfcyclingpad.com\/#website\",\"url\":\"https:\/\/www.tmfcyclingpad.com\/\",\"name\":\"TMF\",\"description\":\"Just another WordPress site\",\"potentialAction\":[{\"@type\":\"SearchAction\",\"target\":{\"@type\":\"EntryPoint\",\"urlTemplate\":\"https:\/\/www.tmfcyclingpad.com\/?s={search_term_string}\"},\"query-input\":{\"@type\":\"PropertyValueSpecification\",\"valueRequired\":true,\"valueName\":\"search_term_string\"}}],\"inLanguage\":\"it-IT\"}]}<\/script>\n<!-- \/ Yoast SEO plugin. -->","yoast_head_json":{"title":"AIRMESH - TMF","robots":{"index":"index","follow":"follow","max-snippet":"max-snippet:-1","max-image-preview":"max-image-preview:large","max-video-preview":"max-video-preview:-1"},"canonical":"https:\/\/www.tmfcyclingpad.com\/it\/airmesh\/","og_locale":"it_IT","og_type":"article","og_title":"AIRMESH - TMF","og_url":"https:\/\/www.tmfcyclingpad.com\/it\/airmesh\/","og_site_name":"TMF","article_modified_time":"2022-06-29T08:19:21+00:00","twitter_card":"summary_large_image","twitter_misc":{"Tempo di lettura stimato":"1 minuto"},"schema":{"@context":"https:\/\/schema.org","@graph":[{"@type":"WebPage","@id":"https:\/\/www.tmfcyclingpad.com\/it\/airmesh\/","url":"https:\/\/www.tmfcyclingpad.com\/it\/airmesh\/","name":"AIRMESH - TMF","isPartOf":{"@id":"https:\/\/www.tmfcyclingpad.com\/#website"},"datePublished":"2019-07-31T12:58:40+00:00","dateModified":"2022-06-29T08:19:21+00:00","breadcrumb":{"@id":"https:\/\/www.tmfcyclingpad.com\/it\/airmesh\/#breadcrumb"},"inLanguage":"it-IT","potentialAction":[{"@type":"ReadAction","target":["https:\/\/www.tmfcyclingpad.com\/it\/airmesh\/"]}]},{"@type":"BreadcrumbList","@id":"https:\/\/www.tmfcyclingpad.com\/it\/airmesh\/#breadcrumb","itemListElement":[{"@type":"ListItem","position":1,"name":"Home","item":"https:\/\/www.tmfcyclingpad.com\/it\/"},{"@type":"ListItem","position":2,"name":"AIRMESH"}]},{"@type":"WebSite","@id":"https:\/\/www.tmfcyclingpad.com\/#website","url":"https:\/\/www.tmfcyclingpad.com\/","name":"TMF","description":"Just another WordPress site","potentialAction":[{"@type":"SearchAction","target":{"@type":"EntryPoint","urlTemplate":"https:\/\/www.tmfcyclingpad.com\/?s={search_term_string}"},"query-input":{"@type":"PropertyValueSpecification","valueRequired":true,"valueName":"search_term_string"}}],"inLanguage":"it-IT"}]}},"_links":{"self":[{"href":"https:\/\/www.tmfcyclingpad.com\/it\/wp-json\/wp\/v2\/pages\/727","targetHints":{"allow":["GET"]}}],"collection":[{"href":"https:\/\/www.tmfcyclingpad.com\/it\/wp-json\/wp\/v2\/pages"}],"about":[{"href":"https:\/\/www.tmfcyclingpad.com\/it\/wp-json\/wp\/v2\/types\/page"}],"author":[{"embeddable":true,"href":"https:\/\/www.tmfcyclingpad.com\/it\/wp-json\/wp\/v2\/users\/3"}],"replies":[{"embeddable":true,"href":"https:\/\/www.tmfcyclingpad.com\/it\/wp-json\/wp\/v2\/comments?post=727"}],"version-history":[{"count":8,"href":"https:\/\/www.tmfcyclingpad.com\/it\/wp-json\/wp\/v2\/pages\/727\/revisions"}],"predecessor-version":[{"id":17478,"href":"https:\/\/www.tmfcyclingpad.com\/it\/wp-json\/wp\/v2\/pages\/727\/revisions\/17478"}],"wp:attachment":[{"href":"https:\/\/www.tmfcyclingpad.com\/it\/wp-json\/wp\/v2\/media?parent=727"}],"curies":[{"name":"wp","href":"https:\/\/api.w.org\/{rel}","templated":true}]}}